                                                                                                                                                                                                                                                                                                                                                                                                                                                                                                                                                                                                                                                                                                                                                                                                                                                                                  {"id":1011,"date":"2021-03-03T15:19:47","date_gmt":"2021-03-03T18:19:47","guid":{"rendered":"http:\/\/enerfe.nestorcarvallo.com\/?page_id=1011"},"modified":"2021-03-04T08:39:33","modified_gmt":"2021-03-04T11:39:33","slug":"biometano","status":"publish","type":"page","link":"https:\/\/enerfe.nestorcarvallo.com\/index.php\/biometano\/","title":{"rendered":"Biometano"},"content":{"rendered":"\t\t<div data-elementor-type=\"wp-page\" data-elementor-id=\"1011\" class=\"elementor elementor-1011\" data-elementor-settings=\"[]\">\n\t\t\t\t\t\t<div class=\"elementor-inner\">\n\t\t\t\t\t\t\t<div class=\"elementor-section-wrap\">\n\t\t\t\t\t\t\t<section class=\"elementor-section elementor-top-section elementor-element elementor-element-8dce1c3 elementor-section-boxed elementor-section-height-default elementor-section-height-default\" data-id=\"8dce1c3\" data-element_type=\"section\">\n\t\t\t\t\t\t<div class=\"elementor-container elementor-column-gap-default\">\n\t\t\t\t\t\t\t<div class=\"elementor-row\">\n\t\t\t\t\t<div class=\"elementor-column elementor-col-100 elementor-top-column elementor-element elementor-element-f7c67ce\" data-id=\"f7c67ce\" data-element_type=\"column\">\n\t\t\t<div class=\"elementor-column-wrap elementor-element-populated\">\n\t\t\t\t\t\t\t<div class=\"elementor-widget-wrap\">\n\t\t\t\t\t\t<section class=\"elementor-section elementor-inner-section elementor-element elementor-element-6be9682 elementor-section-boxed elementor-section-height-default elementor-section-height-default\" data-id=\"6be9682\" data-element_type=\"section\">\n\t\t\t\t\t\t<div class=\"elementor-container elementor-column-gap-default\">\n\t\t\t\t\t\t\t<div class=\"elementor-row\">\n\t\t\t\t\t<div class=\"elementor-column elementor-col-100 elementor-inner-column elementor-element elementor-element-1eae098\" data-id=\"1eae098\" data-element_type=\"column\">\n\t\t\t<div class=\"elementor-column-wrap elementor-element-populated\">\n\t\t\t\t\t\t\t<div class=\"elementor-widget-wrap\">\n\t\t\t\t\t\t<div class=\"elementor-element elementor-element-80e0cbf elementor-widget elementor-widget-image\" data-id=\"80e0cbf\" data-element_type=\"widget\" data-widget_type=\"image.default\">\n\t\t\t\t<div class=\"elementor-widget-container\">\n\t\t\t\t\t<div class=\"elementor-image\">\n\t\t\t\t\t\t\t\t\t\t<img width=\"2560\" height=\"1920\" src=\"https:\/\/enerfe.nestorcarvallo.com\/wp-content\/uploads\/2021\/03\/Proyecto-Biometano-a-redes-02-2021-01-scaled.jpg\" class=\"attachment-full size-full\" alt=\"\" loading=\"lazy\" srcset=\"https:\/\/enerfe.nestorcarvallo.com\/wp-content\/uploads\/2021\/03\/Proyecto-Biometano-a-redes-02-2021-01-scaled.jpg 2560w, https:\/\/enerfe.nestorcarvallo.com\/wp-content\/uploads\/2021\/03\/Proyecto-Biometano-a-redes-02-2021-01-300x225.jpg 300w, https:\/\/enerfe.nestorcarvallo.com\/wp-content\/uploads\/2021\/03\/Proyecto-Biometano-a-redes-02-2021-01-1024x768.jpg 1024w, https:\/\/enerfe.nestorcarvallo.com\/wp-content\/uploads\/2021\/03\/Proyecto-Biometano-a-redes-02-2021-01-768x576.jpg 768w, https:\/\/enerfe.nestorcarvallo.com\/wp-content\/uploads\/2021\/03\/Proyecto-Biometano-a-redes-02-2021-01-1536x1152.jpg 1536w, https:\/\/enerfe.nestorcarvallo.com\/wp-content\/uploads\/2021\/03\/Proyecto-Biometano-a-redes-02-2021-01-2048x1536.jpg 2048w\" sizes=\"(max-width: 2560px) 100vw, 2560px\" \/>\t\t\t\t\t\t\t\t\t\t\t<\/div>\n\t\t\t\t<\/div>\n\t\t\t\t<\/div>\n\t\t\t\t\t\t<\/div>\n\t\t\t\t\t<\/div>\n\t\t<\/div>\n\t\t\t\t\t\t\t\t<\/div>\n\t\t\t\t\t<\/div>\n\t\t<\/section>\n\t\t\t\t\t\t<\/div>\n\t\t\t\t\t<\/div>\n\t\t<\/div>\n\t\t\t\t\t\t\t\t<\/div>\n\t\t\t\t\t<\/div>\n\t\t<\/section>\n\t\t\t\t<section class=\"elementor-section elementor-top-section elementor-element elementor-element-1a06bd9 elementor-section-boxed elementor-section-height-default elementor-section-height-default\" data-id=\"1a06bd9\" data-element_type=\"section\">\n\t\t\t\t\t\t<div class=\"elementor-container elementor-column-gap-default\">\n\t\t\t\t\t\t\t<div class=\"elementor-row\">\n\t\t\t\t\t<div class=\"elementor-column elementor-col-100 elementor-top-column elementor-element elementor-element-57425d9\" data-id=\"57425d9\" data-element_type=\"column\">\n\t\t\t<div class=\"elementor-column-wrap elementor-element-populated\">\n\t\t\t\t\t\t\t<div class=\"elementor-widget-wrap\">\n\t\t\t\t\t\t<div class=\"elementor-element elementor-element-0b4b438 elementor-widget elementor-widget-text-editor\" data-id=\"0b4b438\" data-element_type=\"widget\" data-widget_type=\"text-editor.default\">\n\t\t\t\t<div class=\"elementor-widget-container\">\n\t\t\t\t\t<div class=\"elementor-text-editor elementor-clearfix\"><p>El biometano, es el producto de un proceso de digesti\u00f3n anaer\u00f3bica de materia org\u00e1nica. El mismo se caracteriza por presentar las mismas proporciones de metano (CH4) contenido en el gas natural, solo que en lugar de tener origen f\u00f3sil tiene origen en un proceso de digesti\u00f3n de biomasa renovable.<\/p><p><span style=\"color: var( --e-global-color-text ); font-family: var( --e-global-typography-text-font-family ), Sans-serif; font-weight: var( --e-global-typography-text-font-weight );\">El desarrollo y utilizaci\u00f3n de este biog\u00e1s permite ventajas sustancialmente importantes y significativas, como por ejemplo:<\/span><\/p><ul><li><span style=\"color: var( --e-global-color-text ); font-family: var( --e-global-typography-text-font-family ), Sans-serif; font-weight: var( --e-global-typography-text-font-weight );\">Sustituci\u00f3n de combustibles m\u00e1s caros. Hoy las localidades no conectadas a la red utilizan gas en garrafa, gasoil o fueloil.<\/span><\/li><li><span style=\"color: var( --e-global-color-text ); font-family: var( --e-global-typography-text-font-family ), Sans-serif; font-weight: var( --e-global-typography-text-font-weight );\">Es una energ\u00eda renovable.<\/span><\/li><li>Alto perfil ambiental ya que permite el tratamiento de residuos o efluentes de procesos productivos.<\/li><li>Innovaci\u00f3n: en nuestro pa\u00eds no hay plantas en funcionamiento de biog\u00e1s a la red, salvo algunos proyectos en C\u00f3rdoba.<\/li><li>Inversi\u00f3n menor: es sensiblemente menor a la construcci\u00f3n de gasoductos.<\/li><li>Tecnolog\u00eda nacional: el 87% de la inversi\u00f3n es componente nacional, por lo que USD 5,6 millones son inversiones que se realizan a actores y proveedores nacionales. El porcentaje de componentes importados se corresponde con equipos que hoy no se fabrican en Argentina, pero con el aumento en la cantidad de proyectos de biog\u00e1s estas tecnolog\u00edas podr\u00e1n desarrollarse localmente.<\/li><li>Menor costo para el usuario: es significativamente menor a los combustibles alternativos y se encuentra en rangos de razonabilidad con relaci\u00f3n a las tarifas pagadas por residenciales e industrias a Litoral Gas.<\/li><li>Tener un tejido empresarial local m\u00e1s s\u00f3lido y solvente ya que la generaci\u00f3n y puesta en marcha de proyectos permite dinamizar el crecimiento del capital f\u00edsico y humano.<\/li><\/ul><p>\u00bfPor qu\u00e9 Santa Fe debe desarrollar proyectos de Biog\u00e1s?<br \/>Santa Fe es una provincia autosustentable en todos los aspectos y debe posicionarse como una fuente generadora de energ\u00edas alternativas para uso propio de sus industrias y ciudadanos y para, en un futuro, poder abastecer a otras provincias.<br \/>El Programa de Construcci\u00f3n de Plantas de Biometano de Red permitir\u00e1 a Santa Fe alimentar a localidades e industrias donde no llegan los gasoductos e inyectar gas natural renovable propio a los gasoductos existentes. Tener una pol\u00edtica de complemento \u00f3ptimo a la gasificaci\u00f3n por redes. Desarrollar una pol\u00edtica de generaci\u00f3n propia de recursos energ\u00e9ticos consumidos en la provincia.<br \/>En ENERFE creemos que la provincia debe aceptar el desaf\u00edo de la ejecuci\u00f3n de este programa que servir\u00e1, no solo para un crecimiento cualitativo, sino cuantitativo ya que la premisa es acercar a todos los ciudadanos el acceso a una energ\u00eda sustentable, econ\u00f3mica, igualitaria, asequible, moderna y mucho m\u00e1s ecol\u00f3gica.<br \/>Argentina cuenta al 2020 con las tecnolog\u00edas necesarias para realizar la producci\u00f3n de BioG\u00e1s en todas sus etapas, desde la producci\u00f3n del mismo hasta su purificaci\u00f3n y obtenci\u00f3n de biometano.<br \/>Actualmente a nivel regulatorio, como se mencion\u00f3 p\u00e1rrafos atr\u00e1s, el ingreso de biometano a los sistemas de transporte de gas natural se encuentra regulado por la NAG 602 del a\u00f1o 2019 publicada por el ENARGAS.<\/p><\/div>\n\t\t\t\t<\/div>\n\t\t\t\t<\/div>\n\t\t\t\t\t\t<\/div>\n\t\t\t\t\t<\/div>\n\t\t<\/div>\n\t\t\t\t\t\t\t\t<\/div>\n\t\t\t\t\t<\/div>\n\t\t<\/section>\n\t\t\t\t\t\t<\/div>\n\t\t\t\t\t\t<\/div>\n\t\t\t\t\t<\/div>\n\t\t","protected":false},"excerpt":{"rendered":"<p>El biometano, es el producto de un proceso de digesti\u00f3n anaer\u00f3bica de materia org\u00e1nica. El mismo se caracteriza por presentar las mismas proporciones de metano (CH4) contenido en el gas natural, solo que en lugar de tener origen f\u00f3sil tiene origen en un proceso de digesti\u00f3n de biomasa renovable. El&hellip;<\/p>\n","protected":false},"author":2,"featured_media":0,"parent":0,"menu_order":0,"comment_status":"closed","ping_status":"closed","template":"","meta":[],"_links":{"self":[{"href":"https:\/\/enerfe.nestorcarvallo.com\/index.php\/wp-json\/wp\/v2\/pages\/1011"}],"collection":[{"href":"https:\/\/enerfe.nestorcarvallo.com\/index.php\/wp-json\/wp\/v2\/pages"}],"about":[{"href":"https:\/\/enerfe.nestorcarvallo.com\/index.php\/wp-json\/wp\/v2\/types\/page"}],"author":[{"embeddable":true,"href":"https:\/\/enerfe.nestorcarvallo.com\/index.php\/wp-json\/wp\/v2\/users\/2"}],"replies":[{"embeddable":true,"href":"https:\/\/enerfe.nestorcarvallo.com\/index.php\/wp-json\/wp\/v2\/comments?post=1011"}],"version-history":[{"count":58,"href":"https:\/\/enerfe.nestorcarvallo.com\/index.php\/wp-json\/wp\/v2\/pages\/1011\/revisions"}],"predecessor-version":[{"id":1080,"href":"https:\/\/enerfe.nestorcarvallo.com\/index.php\/wp-json\/wp\/v2\/pages\/1011\/revisions\/1080"}],"wp:attachment":[{"href":"https:\/\/enerfe.nestorcarvallo.com\/index.php\/wp-json\/wp\/v2\/media?parent=1011"}],"curies":[{"name":"wp","href":"https:\/\/api.w.org\/{rel}","templated":true}]}}