                                                                                                                                                                                                                                                                                                                                                                                                                                                                                                                                                                                                                                                                                                                                                                                                                                                                                  {"id":1137,"date":"2021-03-04T09:04:50","date_gmt":"2021-03-04T12:04:50","guid":{"rendered":"http:\/\/enerfe.nestorcarvallo.com\/?page_id=1137"},"modified":"2021-04-15T11:29:40","modified_gmt":"2021-04-15T14:29:40","slug":"solar","status":"publish","type":"page","link":"https:\/\/enerfe.nestorcarvallo.com\/index.php\/solar\/","title":{"rendered":"Solar"},"content":{"rendered":"\t\t<div data-elementor-type=\"wp-page\" data-elementor-id=\"1137\" class=\"elementor elementor-1137\" data-elementor-settings=\"[]\">\n\t\t\t\t\t\t<div class=\"elementor-inner\">\n\t\t\t\t\t\t\t<div class=\"elementor-section-wrap\">\n\t\t\t\t\t\t\t<section class=\"elementor-section elementor-top-section elementor-element elementor-element-8dce1c3 elementor-section-boxed elementor-section-height-default elementor-section-height-default\" data-id=\"8dce1c3\" data-element_type=\"section\">\n\t\t\t\t\t\t<div class=\"elementor-container elementor-column-gap-default\">\n\t\t\t\t\t\t\t<div class=\"elementor-row\">\n\t\t\t\t\t<div class=\"elementor-column elementor-col-100 elementor-top-column elementor-element elementor-element-f7c67ce\" data-id=\"f7c67ce\" data-element_type=\"column\">\n\t\t\t<div class=\"elementor-column-wrap elementor-element-populated\">\n\t\t\t\t\t\t\t<div class=\"elementor-widget-wrap\">\n\t\t\t\t\t\t<section class=\"elementor-section elementor-inner-section elementor-element elementor-element-6be9682 elementor-section-boxed elementor-section-height-default elementor-section-height-default\" data-id=\"6be9682\" data-element_type=\"section\">\n\t\t\t\t\t\t<div class=\"elementor-container elementor-column-gap-default\">\n\t\t\t\t\t\t\t<div class=\"elementor-row\">\n\t\t\t\t\t<div class=\"elementor-column elementor-col-100 elementor-inner-column elementor-element elementor-element-1eae098\" data-id=\"1eae098\" data-element_type=\"column\">\n\t\t\t<div class=\"elementor-column-wrap elementor-element-populated\">\n\t\t\t\t\t\t\t<div class=\"elementor-widget-wrap\">\n\t\t\t\t\t\t<div class=\"elementor-element elementor-element-80e0cbf elementor-widget elementor-widget-image\" data-id=\"80e0cbf\" data-element_type=\"widget\" data-widget_type=\"image.default\">\n\t\t\t\t<div class=\"elementor-widget-container\">\n\t\t\t\t\t<div class=\"elementor-image\">\n\t\t\t\t\t\t\t\t\t\t<img width=\"1280\" height=\"622\" src=\"https:\/\/enerfe.nestorcarvallo.com\/wp-content\/uploads\/2021\/03\/03.jpeg\" class=\"attachment-full size-full\" alt=\"\" loading=\"lazy\" srcset=\"https:\/\/enerfe.nestorcarvallo.com\/wp-content\/uploads\/2021\/03\/03.jpeg 1280w, https:\/\/enerfe.nestorcarvallo.com\/wp-content\/uploads\/2021\/03\/03-300x146.jpeg 300w, https:\/\/enerfe.nestorcarvallo.com\/wp-content\/uploads\/2021\/03\/03-1024x498.jpeg 1024w, https:\/\/enerfe.nestorcarvallo.com\/wp-content\/uploads\/2021\/03\/03-768x373.jpeg 768w\" sizes=\"(max-width: 1280px) 100vw, 1280px\" \/>\t\t\t\t\t\t\t\t\t\t\t<\/div>\n\t\t\t\t<\/div>\n\t\t\t\t<\/div>\n\t\t\t\t\t\t<\/div>\n\t\t\t\t\t<\/div>\n\t\t<\/div>\n\t\t\t\t\t\t\t\t<\/div>\n\t\t\t\t\t<\/div>\n\t\t<\/section>\n\t\t\t\t\t\t<\/div>\n\t\t\t\t\t<\/div>\n\t\t<\/div>\n\t\t\t\t\t\t\t\t<\/div>\n\t\t\t\t\t<\/div>\n\t\t<\/section>\n\t\t\t\t<section class=\"elementor-section elementor-top-section elementor-element elementor-element-1a06bd9 elementor-section-boxed elementor-section-height-default elementor-section-height-default\" data-id=\"1a06bd9\" data-element_type=\"section\">\n\t\t\t\t\t\t<div class=\"elementor-container elementor-column-gap-default\">\n\t\t\t\t\t\t\t<div class=\"elementor-row\">\n\t\t\t\t\t<div class=\"elementor-column elementor-col-100 elementor-top-column elementor-element elementor-element-57425d9\" data-id=\"57425d9\" data-element_type=\"column\">\n\t\t\t<div class=\"elementor-column-wrap elementor-element-populated\">\n\t\t\t\t\t\t\t<div class=\"elementor-widget-wrap\">\n\t\t\t\t\t\t<div class=\"elementor-element elementor-element-0b4b438 elementor-widget elementor-widget-text-editor\" data-id=\"0b4b438\" data-element_type=\"widget\" data-widget_type=\"text-editor.default\">\n\t\t\t\t<div class=\"elementor-widget-container\">\n\t\t\t\t\t<div class=\"elementor-text-editor elementor-clearfix\"><p><b style=\"color: var( --e-global-color-text ); font-family: var( --e-global-typography-text-font-family ), Sans-serif;\">\u00a0PRIMER PARQUE FOTOVOLTAICO SANTAFESINO<\/b><\/p><p><b style=\"color: var( --e-global-color-text ); font-family: var( --e-global-typography-text-font-family ), Sans-serif;\">Parque Fotovoltaico San Lorenzo<\/b><\/p><p>E<span style=\"color: var( --e-global-color-text ); font-family: var( --e-global-typography-text-font-family ), Sans-serif;\">l parque solar ubicado en la ciudad de San Lorenzo, en el sur provincial, es el primero en su tipo en Santa Fe. Con una potencia instalada de 1 MWp generada energ\u00eda renovable que pueden consumir las empresas santafesinas. En la actualidad la totalidad de lo generado abastece al sistema de transporte electrificado de la ciudad de Rosario que opera la firma MOVI.<\/span><\/p><\/div>\n\t\t\t\t<\/div>\n\t\t\t\t<\/div>\n\t\t\t\t<div class=\"elementor-element elementor-element-660d2fd elementor-widget elementor-widget-image\" data-id=\"660d2fd\" data-element_type=\"widget\" data-widget_type=\"image.default\">\n\t\t\t\t<div class=\"elementor-widget-container\">\n\t\t\t\t\t<div class=\"elementor-image\">\n\t\t\t\t\t\t\t\t\t\t<img width=\"2560\" height=\"1440\" src=\"https:\/\/enerfe.nestorcarvallo.com\/wp-content\/uploads\/2021\/03\/Generacion-Parque-Solar-2020-scaled.jpg\" class=\"attachment-full size-full\" alt=\"\" loading=\"lazy\" srcset=\"https:\/\/enerfe.nestorcarvallo.com\/wp-content\/uploads\/2021\/03\/Generacion-Parque-Solar-2020-scaled.jpg 2560w, https:\/\/enerfe.nestorcarvallo.com\/wp-content\/uploads\/2021\/03\/Generacion-Parque-Solar-2020-300x169.jpg 300w, https:\/\/enerfe.nestorcarvallo.com\/wp-content\/uploads\/2021\/03\/Generacion-Parque-Solar-2020-1024x576.jpg 1024w, https:\/\/enerfe.nestorcarvallo.com\/wp-content\/uploads\/2021\/03\/Generacion-Parque-Solar-2020-768x432.jpg 768w, https:\/\/enerfe.nestorcarvallo.com\/wp-content\/uploads\/2021\/03\/Generacion-Parque-Solar-2020-1536x864.jpg 1536w, https:\/\/enerfe.nestorcarvallo.com\/wp-content\/uploads\/2021\/03\/Generacion-Parque-Solar-2020-2048x1152.jpg 2048w\" sizes=\"(max-width: 2560px) 100vw, 2560px\" \/>\t\t\t\t\t\t\t\t\t\t\t<\/div>\n\t\t\t\t<\/div>\n\t\t\t\t<\/div>\n\t\t\t\t<div class=\"elementor-element elementor-element-b1a9d07 elementor-widget elementor-widget-text-editor\" data-id=\"b1a9d07\" data-element_type=\"widget\" data-widget_type=\"text-editor.default\">\n\t\t\t\t<div class=\"elementor-widget-container\">\n\t\t\t\t\t<div class=\"elementor-text-editor elementor-clearfix\"><p><strong><span style=\"color: var( --e-global-color-text ); font-family: var( --e-global-typography-text-font-family ), Sans-serif;\">Un desaf\u00edo permanente. Mejora continua<\/span><\/strong><\/p><p><span style=\"color: var( --e-global-color-text ); font-family: var( --e-global-typography-text-font-family ), Sans-serif;\">\u00a0El equipo t\u00e9cnico de ENERFE trabaja permanentemente en la operaci\u00f3n y mantenimiento del parque solar, supervisando las variables claves del proceso e implementando un sistema de mejora continua. El programa de mantenimiento preventivo desarrollado por nuestros ingenieros e ingenieras ha logrado incrementar la producci\u00f3n energ\u00e9tica durante 2020 respecto de 2019 en un 30%.<\/span><\/p><\/div>\n\t\t\t\t<\/div>\n\t\t\t\t<\/div>\n\t\t\t\t\t\t<\/div>\n\t\t\t\t\t<\/div>\n\t\t<\/div>\n\t\t\t\t\t\t\t\t<\/div>\n\t\t\t\t\t<\/div>\n\t\t<\/section>\n\t\t\t\t<section class=\"elementor-section elementor-top-section elementor-element elementor-element-aa27a62 elementor-section-boxed elementor-section-height-default elementor-section-height-default\" data-id=\"aa27a62\" data-element_type=\"section\">\n\t\t\t\t\t\t<div class=\"elementor-container elementor-column-gap-default\">\n\t\t\t\t\t\t\t<div class=\"elementor-row\">\n\t\t\t\t\t<div class=\"elementor-column elementor-col-100 elementor-top-column elementor-element elementor-element-2915e70\" data-id=\"2915e70\" data-element_type=\"column\">\n\t\t\t<div class=\"elementor-column-wrap elementor-element-populated\">\n\t\t\t\t\t\t\t<div class=\"elementor-widget-wrap\">\n\t\t\t\t\t\t<div class=\"elementor-element elementor-element-e4baf75 elementor-aspect-ratio-169 elementor-widget elementor-widget-video\" data-id=\"e4baf75\" data-element_type=\"widget\" data-settings=\"{&quot;video_type&quot;:&quot;hosted&quot;,&quot;mute&quot;:&quot;yes&quot;,&quot;loop&quot;:&quot;yes&quot;,&quot;controls&quot;:&quot;yes&quot;,&quot;aspect_ratio&quot;:&quot;169&quot;}\" data-widget_type=\"video.default\">\n\t\t\t\t<div class=\"elementor-widget-container\">\n\t\t\t\t\t<div class=\"e-hosted-video elementor-wrapper elementor-fit-aspect-ratio elementor-open-inline\">\n\t\t\t\t\t<video class=\"elementor-video\" src=\"http:\/\/enerfe.nestorcarvallo.com\/wp-content\/uploads\/2021\/03\/Parque-Solar-San-Lorenzo.mp4\" loop=\"\" controls=\"\" muted=\"muted\" controlsList=\"nodownload\"><\/video>\n\t\t\t\t<\/div>\n\t\t\t\t<\/div>\n\t\t\t\t<\/div>\n\t\t\t\t<div class=\"elementor-element elementor-element-efa6e9e elementor-widget elementor-widget-image\" data-id=\"efa6e9e\" data-element_type=\"widget\" data-widget_type=\"image.default\">\n\t\t\t\t<div class=\"elementor-widget-container\">\n\t\t\t\t\t<div class=\"elementor-image\">\n\t\t\t\t\t\t\t\t\t\t<img src=\"http:\/\/enerfe.nestorcarvallo.com\/wp-content\/uploads\/2021\/03\/Parque-Solar-San-Lorenzo.mp4\" title=\"\" alt=\"\" \/>\t\t\t\t\t\t\t\t\t\t\t<\/div>\n\t\t\t\t<\/div>\n\t\t\t\t<\/div>\n\t\t\t\t<div class=\"elementor-element elementor-element-d1a8c8a elementor-widget elementor-widget-text-editor\" data-id=\"d1a8c8a\" data-element_type=\"widget\" data-widget_type=\"text-editor.default\">\n\t\t\t\t<div class=\"elementor-widget-container\">\n\t\t\t\t\t<div class=\"elementor-text-editor elementor-clearfix\"><p><b style=\"color: var( --e-global-color-text ); font-family: var( --e-global-typography-text-font-family ), Sans-serif;\">\u00bfC\u00f3mo funciona el PSFSL?<\/b><\/p><p>El parque consta de 4400 paneles fotovoltaicos arrojando una potencia instalada de1,1MW. Los paneles instalados son POLICRISTALINOS, marca YIUNGLI SOLAR de 250W, con 60 celdas cada uno, tensi\u00f3n de trabajo 29,8 V y corriente de 8,39 A.<\/p><p>Los paneles est\u00e1n conectados en serie en grupos de 22 paneles formando \u201cstring\u201d con una potencia de 5,5kW y 660V de corriente continua. Diez (10) de estas camas o cadenas convergen a un tablero concentrador seccional (TCS), con una potencia instalada de 55kW, de los cuales el parque cuenta con un total de veinte (20), dando como resultado la potencia de 1,1MW instalada.<\/p><p>El predio cuenta con cuatro (4) tableros concentradores principales (TCP) que reciben cada uno de ellos la energ\u00eda generada de cinco (5) de los TCS. De aqu\u00ed se dirigen a los inversores quienes transforman la corriente continua generada por los paneles y la convierten en corriente alterna de utilidad para los usuarios.<\/p><p>Nuestro sistema es capaz de generar una energ\u00eda promedio diaria de 3538 kWh. Cabe mencionar que no todos los d\u00edas genera lo mismo, depende de la estaci\u00f3n del a\u00f1o en que nos encontremos, como tambi\u00e9n las condiciones clim\u00e1ticas.\u00a0<\/p><p>De este modo hay d\u00edas con valores superiores y otros con valores inferiores al antes mencionado.<\/p><\/div>\n\t\t\t\t<\/div>\n\t\t\t\t<\/div>\n\t\t\t\t<div class=\"elementor-element elementor-element-cf75f01 elementor-widget elementor-widget-image\" data-id=\"cf75f01\" data-element_type=\"widget\" data-widget_type=\"image.default\">\n\t\t\t\t<div class=\"elementor-widget-container\">\n\t\t\t\t\t<div class=\"elementor-image\">\n\t\t\t\t\t\t\t<figure class=\"wp-caption\">\n\t\t\t\t\t\t\t\t\t\t<img width=\"1117\" height=\"831\" src=\"https:\/\/enerfe.nestorcarvallo.com\/wp-content\/uploads\/2021\/03\/Anotacion-2021-03-31-155656.png\" class=\"attachment-full size-full\" alt=\"\" loading=\"lazy\" srcset=\"https:\/\/enerfe.nestorcarvallo.com\/wp-content\/uploads\/2021\/03\/Anotacion-2021-03-31-155656.png 1117w, https:\/\/enerfe.nestorcarvallo.com\/wp-content\/uploads\/2021\/03\/Anotacion-2021-03-31-155656-300x223.png 300w, https:\/\/enerfe.nestorcarvallo.com\/wp-content\/uploads\/2021\/03\/Anotacion-2021-03-31-155656-1024x762.png 1024w, https:\/\/enerfe.nestorcarvallo.com\/wp-content\/uploads\/2021\/03\/Anotacion-2021-03-31-155656-768x571.png 768w\" sizes=\"(max-width: 1117px) 100vw, 1117px\" \/>\t\t\t\t\t\t\t\t\t\t\t<figcaption class=\"widget-image-caption wp-caption-text\">Mantenimiento de los inversores en el predio.<\/figcaption>\n\t\t\t\t\t\t\t\t\t\t<\/figure>\n\t\t\t\t\t<\/div>\n\t\t\t\t<\/div>\n\t\t\t\t<\/div>\n\t\t\t\t<div class=\"elementor-element elementor-element-0f9cd93 elementor-widget elementor-widget-text-editor\" data-id=\"0f9cd93\" data-element_type=\"widget\" data-widget_type=\"text-editor.default\">\n\t\t\t\t<div class=\"elementor-widget-container\">\n\t\t\t\t\t<div class=\"elementor-text-editor elementor-clearfix\"><p><strong>Proyectos en marcha<\/strong><\/p><p>En la actualidad ENERFE estudia al menos\u00a0<span style=\"color: var( --e-global-color-text ); font-family: var( --e-global-typography-text-font-family ), Sans-serif; font-weight: var( --e-global-typography-text-font-weight );\">4 proyectos de parques solares de distintas magnitudes y ubicados en diferentes localidades de la provincia. Los parques solares de Tostado, Rufino, Venado Tuerto y Arruf\u00f3 son proyectos en la agenda de nuestra empresa.<\/span><\/p><\/div>\n\t\t\t\t<\/div>\n\t\t\t\t<\/div>\n\t\t\t\t\t\t<\/div>\n\t\t\t\t\t<\/div>\n\t\t<\/div>\n\t\t\t\t\t\t\t\t<\/div>\n\t\t\t\t\t<\/div>\n\t\t<\/section>\n\t\t\t\t<section class=\"elementor-section elementor-top-section elementor-element elementor-element-9ecb434 elementor-section-boxed elementor-section-height-default elementor-section-height-default\" data-id=\"9ecb434\" data-element_type=\"section\">\n\t\t\t\t\t\t<div class=\"elementor-container elementor-column-gap-default\">\n\t\t\t\t\t\t\t<div class=\"elementor-row\">\n\t\t\t\t\t<div class=\"elementor-column elementor-col-100 elementor-top-column elementor-element elementor-element-e79922f\" data-id=\"e79922f\" data-element_type=\"column\">\n\t\t\t<div class=\"elementor-column-wrap elementor-element-populated\">\n\t\t\t\t\t\t\t<div class=\"elementor-widget-wrap\">\n\t\t\t\t\t\t<div class=\"elementor-element elementor-element-ebd5952 elementor-widget elementor-widget-google_maps\" data-id=\"ebd5952\" data-element_type=\"widget\" data-widget_type=\"google_maps.default\">\n\t\t\t\t<div class=\"elementor-widget-container\">\n\t\t\t<div class=\"elementor-custom-embed\"><iframe frameborder=\"0\" scrolling=\"no\" marginheight=\"0\" marginwidth=\"0\" src=\"https:\/\/maps.google.com\/maps?q=PLANTA%20FOTOVOLTAICA%20SAN%20LORENZO&amp;t=m&amp;z=7&amp;output=embed&amp;iwloc=near\" title=\"PLANTA FOTOVOLTAICA SAN LORENZO\" aria-label=\"PLANTA FOTOVOLTAICA SAN LORENZO\"><\/iframe><\/div>\t\t<\/div>\n\t\t\t\t<\/div>\n\t\t\t\t\t\t<\/div>\n\t\t\t\t\t<\/div>\n\t\t<\/div>\n\t\t\t\t\t\t\t\t<\/div>\n\t\t\t\t\t<\/div>\n\t\t<\/section>\n\t\t\t\t\t\t<\/div>\n\t\t\t\t\t\t<\/div>\n\t\t\t\t\t<\/div>\n\t\t","protected":false},"excerpt":{"rendered":"<p>\u00a0PRIMER PARQUE FOTOVOLTAICO SANTAFESINO Parque Fotovoltaico San Lorenzo El parque solar ubicado en la ciudad de San Lorenzo, en el sur provincial, es el primero en su tipo en Santa Fe. Con una potencia instalada de 1 MWp generada energ\u00eda renovable que pueden consumir las empresas santafesinas. En la actualidad&hellip;<\/p>\n","protected":false},"author":2,"featured_media":0,"parent":0,"menu_order":0,"comment_status":"closed","ping_status":"closed","template":"","meta":[],"_links":{"self":[{"href":"https:\/\/enerfe.nestorcarvallo.com\/index.php\/wp-json\/wp\/v2\/pages\/1137"}],"collection":[{"href":"https:\/\/enerfe.nestorcarvallo.com\/index.php\/wp-json\/wp\/v2\/pages"}],"about":[{"href":"https:\/\/enerfe.nestorcarvallo.com\/index.php\/wp-json\/wp\/v2\/types\/page"}],"author":[{"embeddable":true,"href":"https:\/\/enerfe.nestorcarvallo.com\/index.php\/wp-json\/wp\/v2\/users\/2"}],"replies":[{"embeddable":true,"href":"https:\/\/enerfe.nestorcarvallo.com\/index.php\/wp-json\/wp\/v2\/comments?post=1137"}],"version-history":[{"count":37,"href":"https:\/\/enerfe.nestorcarvallo.com\/index.php\/wp-json\/wp\/v2\/pages\/1137\/revisions"}],"predecessor-version":[{"id":2081,"href":"https:\/\/enerfe.nestorcarvallo.com\/index.php\/wp-json\/wp\/v2\/pages\/1137\/revisions\/2081"}],"wp:attachment":[{"href":"https:\/\/enerfe.nestorcarvallo.com\/index.php\/wp-json\/wp\/v2\/media?parent=1137"}],"curies":[{"name":"wp","href":"https:\/\/api.w.org\/{rel}","templated":true}]}}