                                                                                                                                                                                                                                                                                                                                                                                                                                                                                                                                                                                                                                                                                                                                                                                                                                                                                  {"id":1148,"date":"2021-03-04T18:40:21","date_gmt":"2021-03-04T21:40:21","guid":{"rendered":"http:\/\/enerfe.nestorcarvallo.com\/?page_id=1148"},"modified":"2021-05-18T13:12:43","modified_gmt":"2021-05-18T16:12:43","slug":"celdas-de-combustion-sofc","status":"publish","type":"page","link":"https:\/\/enerfe.nestorcarvallo.com\/index.php\/celdas-de-combustion-sofc\/","title":{"rendered":"Celdas de Combusti\u00f3n SOFC"},"content":{"rendered":"\t\t<div data-elementor-type=\"wp-page\" data-elementor-id=\"1148\" class=\"elementor elementor-1148\" data-elementor-settings=\"[]\">\n\t\t\t\t\t\t<div class=\"elementor-inner\">\n\t\t\t\t\t\t\t<div class=\"elementor-section-wrap\">\n\t\t\t\t\t\t\t<section class=\"elementor-section elementor-top-section elementor-element elementor-element-8dce1c3 elementor-section-boxed elementor-section-height-default elementor-section-height-default\" data-id=\"8dce1c3\" data-element_type=\"section\">\n\t\t\t\t\t\t<div class=\"elementor-container elementor-column-gap-default\">\n\t\t\t\t\t\t\t<div class=\"elementor-row\">\n\t\t\t\t\t<div class=\"elementor-column elementor-col-100 elementor-top-column elementor-element elementor-element-f7c67ce\" data-id=\"f7c67ce\" data-element_type=\"column\">\n\t\t\t<div class=\"elementor-column-wrap elementor-element-populated\">\n\t\t\t\t\t\t\t<div class=\"elementor-widget-wrap\">\n\t\t\t\t\t\t<section class=\"elementor-section elementor-inner-section elementor-element elementor-element-6be9682 elementor-section-boxed elementor-section-height-default elementor-section-height-default\" data-id=\"6be9682\" data-element_type=\"section\">\n\t\t\t\t\t\t<div class=\"elementor-container elementor-column-gap-default\">\n\t\t\t\t\t\t\t<div class=\"elementor-row\">\n\t\t\t\t\t<div class=\"elementor-column elementor-col-100 elementor-inner-column elementor-element elementor-element-1eae098\" data-id=\"1eae098\" data-element_type=\"column\">\n\t\t\t<div class=\"elementor-column-wrap elementor-element-populated\">\n\t\t\t\t\t\t\t<div class=\"elementor-widget-wrap\">\n\t\t\t\t\t\t<div class=\"elementor-element elementor-element-80e0cbf elementor-widget elementor-widget-image\" data-id=\"80e0cbf\" data-element_type=\"widget\" data-widget_type=\"image.default\">\n\t\t\t\t<div class=\"elementor-widget-container\">\n\t\t\t\t\t<div class=\"elementor-image\">\n\t\t\t\t\t\t\t\t\t\t<img width=\"2560\" height=\"2560\" src=\"https:\/\/enerfe.nestorcarvallo.com\/wp-content\/uploads\/2021\/03\/Pila-SOFC-01-1-scaled.jpg\" class=\"attachment-full size-full\" alt=\"\" loading=\"lazy\" srcset=\"https:\/\/enerfe.nestorcarvallo.com\/wp-content\/uploads\/2021\/03\/Pila-SOFC-01-1-scaled.jpg 2560w, https:\/\/enerfe.nestorcarvallo.com\/wp-content\/uploads\/2021\/03\/Pila-SOFC-01-1-300x300.jpg 300w, https:\/\/enerfe.nestorcarvallo.com\/wp-content\/uploads\/2021\/03\/Pila-SOFC-01-1-1024x1024.jpg 1024w, https:\/\/enerfe.nestorcarvallo.com\/wp-content\/uploads\/2021\/03\/Pila-SOFC-01-1-150x150.jpg 150w, https:\/\/enerfe.nestorcarvallo.com\/wp-content\/uploads\/2021\/03\/Pila-SOFC-01-1-768x768.jpg 768w, https:\/\/enerfe.nestorcarvallo.com\/wp-content\/uploads\/2021\/03\/Pila-SOFC-01-1-1536x1536.jpg 1536w, https:\/\/enerfe.nestorcarvallo.com\/wp-content\/uploads\/2021\/03\/Pila-SOFC-01-1-2048x2048.jpg 2048w, https:\/\/enerfe.nestorcarvallo.com\/wp-content\/uploads\/2021\/03\/Pila-SOFC-01-1-450x450.jpg 450w\" sizes=\"(max-width: 2560px) 100vw, 2560px\" \/>\t\t\t\t\t\t\t\t\t\t\t<\/div>\n\t\t\t\t<\/div>\n\t\t\t\t<\/div>\n\t\t\t\t\t\t<\/div>\n\t\t\t\t\t<\/div>\n\t\t<\/div>\n\t\t\t\t\t\t\t\t<\/div>\n\t\t\t\t\t<\/div>\n\t\t<\/section>\n\t\t\t\t\t\t<\/div>\n\t\t\t\t\t<\/div>\n\t\t<\/div>\n\t\t\t\t\t\t\t\t<\/div>\n\t\t\t\t\t<\/div>\n\t\t<\/section>\n\t\t\t\t<section class=\"elementor-section elementor-top-section elementor-element elementor-element-1a06bd9 elementor-section-boxed elementor-section-height-default elementor-section-height-default\" data-id=\"1a06bd9\" data-element_type=\"section\">\n\t\t\t\t\t\t<div class=\"elementor-container elementor-column-gap-default\">\n\t\t\t\t\t\t\t<div class=\"elementor-row\">\n\t\t\t\t\t<div class=\"elementor-column elementor-col-100 elementor-top-column elementor-element elementor-element-57425d9\" data-id=\"57425d9\" data-element_type=\"column\">\n\t\t\t<div class=\"elementor-column-wrap elementor-element-populated\">\n\t\t\t\t\t\t\t<div class=\"elementor-widget-wrap\">\n\t\t\t\t\t\t<div class=\"elementor-element elementor-element-0b4b438 elementor-widget elementor-widget-text-editor\" data-id=\"0b4b438\" data-element_type=\"widget\" data-widget_type=\"text-editor.default\">\n\t\t\t\t<div class=\"elementor-widget-container\">\n\t\t\t\t\t<div class=\"elementor-text-editor elementor-clearfix\"><p><b>CELDA DE ALTA TEMPERATURA CON M\u00daLTIPLES COMBUSTIBLES<\/b><\/p><p>Generador termoel\u00e9ctrico 5kW de ciclo combinado en base a Pila de combustible de \u00f3xido s\u00f3lido. &#8211; SOFC: Solid Oxide Fuel Cell<\/p><p>Caracter\u00edsticas y ventajas:<br \/>&#8211; Electrolito de cer\u00e1mica, electrodos. (no platino)<br \/><em>Menor costo.<\/em><\/p><p>&#8211; Alta Temperatura<br \/>Multicombustible (hidrocarburos livianos),<br \/><em>Aprovechamiento de calor en procesos.<\/em><\/p><p>&#8211; Modularidad.<br \/><em>Generaci\u00f3n Distribuida.<\/em><\/p><p>&#8211; Arranque lento, alta eficiencia*<br \/><em>Mantenimiento de cargas cr\u00edticas.<\/em><\/p><p>&#8211; Tendencia lanzada comercialmente en USA y Europa, tanto para uso industrial, comercial y dom\u00e9stico.<\/p><p>&#8211; El Programa ENE-FARM de Jap\u00f3n. Contempla para 2020 1.4 millones de unidades residenciales instaladas (electricidad a la red + caldera).<\/p><p>*Permite 50-60% eficiencia el\u00e9ctrica y hasta un 85%-90% en co-generaci\u00f3n, mientras que un motor de combusti\u00f3n interna nafta permite entre 20 y 30% y di\u00e9sel entre 30 y 40% en el mejor de los casos.<\/p><p><b>Estrategia de ENERFE<\/b><\/p><p>&#8211; Convenio con AVL List GmbH: sistema generador con m\u00f3dulo SOFC del Fraunhofer Institute for Ceramic Technologies andSystems, IKTS).<br \/>Estado: Prototipo en construcci\u00f3n en Austria. Se env\u00eda al pa\u00eds a mediados de 2021.<\/p><p><span style=\"color: var( --e-global-color-text ); font-family: var( --e-global-typography-text-font-family ), Sans-serif; font-weight: var( --e-global-typography-text-font-weight );\">&#8211; Convenio CONICET CCT SFE (INCAPE-CIMEC-INGAR)-Listo para firmar. Se estipulan l\u00edneas de investigaci\u00f3n para investigaci\u00f3n de la tecnolog\u00eda y de reformadores para combustibles alternativos.<\/span><\/p><p>&#8211; Convenio CNEA \u2013 CAB: Desarrollo de Cer\u00e1micas de ingenier\u00eda.<\/p><p>&#8211; Convenio CITEDEF-UNIDEF: Aplicaciones, ingenier\u00eda de materiales.<\/p><p>&#8211; Convenio INTI: Aplicaciones vinculaci\u00f3n procesos industriales.<\/p><p>&#8211; Empresas del sector industrial: Sinergia con ENERFE con el objetivo de fortalecer la cadena productiva SFE.<\/p><p>Rol Operativo de ENERFE<\/p><p>Articulaci\u00f3n entre AVL y equipos t\u00e9cnicos nacionales.<\/p><p>Dise\u00f1o y construcci\u00f3n de laboratorio<\/p><p>Dise\u00f1o de L\u00edneas de investigaci\u00f3n precompetitiva.<\/p><p>Ingenier\u00eda del propietario.<\/p><p>Especificaci\u00f3n de requerimientos.<\/p><p>Compliance de T\u00e9rminos y Condiciones.<\/p><p>Soporte al workshop de transferencia tecnol\u00f3gica.<\/p><p>Desarrollo de plataforma tecnol\u00f3gica local.<\/p><\/div>\n\t\t\t\t<\/div>\n\t\t\t\t<\/div>\n\t\t\t\t\t\t<\/div>\n\t\t\t\t\t<\/div>\n\t\t<\/div>\n\t\t\t\t\t\t\t\t<\/div>\n\t\t\t\t\t<\/div>\n\t\t<\/section>\n\t\t\t\t<section class=\"elementor-section elementor-top-section elementor-element elementor-element-a1fa63b elementor-section-boxed elementor-section-height-default elementor-section-height-default\" data-id=\"a1fa63b\" data-element_type=\"section\">\n\t\t\t\t\t\t<div class=\"elementor-container elementor-column-gap-default\">\n\t\t\t\t\t\t\t<div class=\"elementor-row\">\n\t\t\t\t\t<div class=\"elementor-column elementor-col-100 elementor-top-column elementor-element elementor-element-51342ec\" data-id=\"51342ec\" data-element_type=\"column\">\n\t\t\t<div class=\"elementor-column-wrap elementor-element-populated\">\n\t\t\t\t\t\t\t<div class=\"elementor-widget-wrap\">\n\t\t\t\t\t\t<div class=\"elementor-element elementor-element-c3a4526 elementor-arrows-position-inside elementor-pagination-position-outside elementor-widget elementor-widget-image-carousel\" data-id=\"c3a4526\" data-element_type=\"widget\" data-settings=\"{&quot;slides_to_show&quot;:&quot;1&quot;,&quot;navigation&quot;:&quot;both&quot;,&quot;autoplay&quot;:&quot;yes&quot;,&quot;pause_on_hover&quot;:&quot;yes&quot;,&quot;pause_on_interaction&quot;:&quot;yes&quot;,&quot;autoplay_speed&quot;:5000,&quot;infinite&quot;:&quot;yes&quot;,&quot;effect&quot;:&quot;slide&quot;,&quot;speed&quot;:500}\" data-widget_type=\"image-carousel.default\">\n\t\t\t\t<div class=\"elementor-widget-container\">\n\t\t\t\t\t<div class=\"elementor-image-carousel-wrapper swiper-container\" dir=\"ltr\">\n\t\t\t<div class=\"elementor-image-carousel swiper-wrapper\">\n\t\t\t\t<div class=\"swiper-slide\"><figure class=\"swiper-slide-inner\"><img class=\"swiper-slide-image\" src=\"https:\/\/enerfe.nestorcarvallo.com\/wp-content\/uploads\/2021\/03\/Pila-SOFC-02-1-scaled.jpg\" alt=\"Pila SOFC-02\" \/><\/figure><\/div><div class=\"swiper-slide\"><figure class=\"swiper-slide-inner\"><img class=\"swiper-slide-image\" src=\"https:\/\/enerfe.nestorcarvallo.com\/wp-content\/uploads\/2021\/03\/Pila-SOFC-03-1-scaled.jpg\" alt=\"Pila SOFC-03\" \/><\/figure><\/div><div class=\"swiper-slide\"><figure class=\"swiper-slide-inner\"><img class=\"swiper-slide-image\" src=\"https:\/\/enerfe.nestorcarvallo.com\/wp-content\/uploads\/2021\/03\/Pila-SOFC-01-1-scaled.jpg\" alt=\"Pila SOFC-01\" \/><\/figure><\/div>\t\t\t<\/div>\n\t\t\t\t\t\t\t\t\t\t\t\t<div class=\"swiper-pagination\"><\/div>\n\t\t\t\t\t\t\t\t\t\t\t\t\t<div class=\"elementor-swiper-button elementor-swiper-button-prev\">\n\t\t\t\t\t\t<i class=\"eicon-chevron-left\" aria-hidden=\"true\"><\/i>\n\t\t\t\t\t\t<span class=\"elementor-screen-only\">Anterior<\/span>\n\t\t\t\t\t<\/div>\n\t\t\t\t\t<div class=\"elementor-swiper-button elementor-swiper-button-next\">\n\t\t\t\t\t\t<i class=\"eicon-chevron-right\" aria-hidden=\"true\"><\/i>\n\t\t\t\t\t\t<span class=\"elementor-screen-only\">Siguiente<\/span>\n\t\t\t\t\t<\/div>\n\t\t\t\t\t\t\t\t\t<\/div>\n\t\t\t\t<\/div>\n\t\t\t\t<\/div>\n\t\t\t\t\t\t<\/div>\n\t\t\t\t\t<\/div>\n\t\t<\/div>\n\t\t\t\t\t\t\t\t<\/div>\n\t\t\t\t\t<\/div>\n\t\t<\/section>\n\t\t\t\t<section class=\"elementor-section elementor-top-section elementor-element elementor-element-4373a4f elementor-section-boxed elementor-section-height-default elementor-section-height-default\" data-id=\"4373a4f\" data-element_type=\"section\">\n\t\t\t\t\t\t<div class=\"elementor-container elementor-column-gap-default\">\n\t\t\t\t\t\t\t<div class=\"elementor-row\">\n\t\t\t\t\t<div class=\"elementor-column elementor-col-100 elementor-top-column elementor-element elementor-element-0611df6\" data-id=\"0611df6\" data-element_type=\"column\">\n\t\t\t<div class=\"elementor-column-wrap elementor-element-populated\">\n\t\t\t\t\t\t\t<div class=\"elementor-widget-wrap\">\n\t\t\t\t\t\t<div class=\"elementor-element elementor-element-b65b71e elementor-arrows-position-inside elementor-pagination-position-outside elementor-widget elementor-widget-image-carousel\" data-id=\"b65b71e\" data-element_type=\"widget\" data-settings=\"{&quot;slides_to_show&quot;:&quot;1&quot;,&quot;navigation&quot;:&quot;both&quot;,&quot;autoplay&quot;:&quot;yes&quot;,&quot;pause_on_hover&quot;:&quot;yes&quot;,&quot;pause_on_interaction&quot;:&quot;yes&quot;,&quot;autoplay_speed&quot;:5000,&quot;infinite&quot;:&quot;yes&quot;,&quot;effect&quot;:&quot;slide&quot;,&quot;speed&quot;:500}\" data-widget_type=\"image-carousel.default\">\n\t\t\t\t<div class=\"elementor-widget-container\">\n\t\t\t\t\t<div class=\"elementor-image-carousel-wrapper swiper-container\" dir=\"ltr\">\n\t\t\t<div class=\"elementor-image-carousel swiper-wrapper\">\n\t\t\t\t<div class=\"swiper-slide\"><figure class=\"swiper-slide-inner\"><img class=\"swiper-slide-image\" src=\"https:\/\/enerfe.nestorcarvallo.com\/wp-content\/uploads\/2021\/05\/IMG_6178-scaled.jpg\" alt=\"IMG_6178\" \/><\/figure><\/div><div class=\"swiper-slide\"><figure class=\"swiper-slide-inner\"><img class=\"swiper-slide-image\" src=\"https:\/\/enerfe.nestorcarvallo.com\/wp-content\/uploads\/2021\/05\/IMG_6179-scaled.jpg\" alt=\"IMG_6179\" \/><\/figure><\/div><div class=\"swiper-slide\"><figure class=\"swiper-slide-inner\"><img class=\"swiper-slide-image\" src=\"https:\/\/enerfe.nestorcarvallo.com\/wp-content\/uploads\/2021\/05\/IMG_6182-scaled.jpg\" alt=\"IMG_6182\" \/><\/figure><\/div><div class=\"swiper-slide\"><figure class=\"swiper-slide-inner\"><img class=\"swiper-slide-image\" src=\"https:\/\/enerfe.nestorcarvallo.com\/wp-content\/uploads\/2021\/05\/IMG_6188-scaled.jpg\" alt=\"IMG_6188\" \/><\/figure><\/div>\t\t\t<\/div>\n\t\t\t\t\t\t\t\t\t\t\t\t<div class=\"swiper-pagination\"><\/div>\n\t\t\t\t\t\t\t\t\t\t\t\t\t<div class=\"elementor-swiper-button elementor-swiper-button-prev\">\n\t\t\t\t\t\t<i class=\"eicon-chevron-left\" aria-hidden=\"true\"><\/i>\n\t\t\t\t\t\t<span class=\"elementor-screen-only\">Anterior<\/span>\n\t\t\t\t\t<\/div>\n\t\t\t\t\t<div class=\"elementor-swiper-button elementor-swiper-button-next\">\n\t\t\t\t\t\t<i class=\"eicon-chevron-right\" aria-hidden=\"true\"><\/i>\n\t\t\t\t\t\t<span class=\"elementor-screen-only\">Siguiente<\/span>\n\t\t\t\t\t<\/div>\n\t\t\t\t\t\t\t\t\t<\/div>\n\t\t\t\t<\/div>\n\t\t\t\t<\/div>\n\t\t\t\t\t\t<\/div>\n\t\t\t\t\t<\/div>\n\t\t<\/div>\n\t\t\t\t\t\t\t\t<\/div>\n\t\t\t\t\t<\/div>\n\t\t<\/section>\n\t\t\t\t\t\t<\/div>\n\t\t\t\t\t\t<\/div>\n\t\t\t\t\t<\/div>\n\t\t","protected":false},"excerpt":{"rendered":"<p>CELDA DE ALTA TEMPERATURA CON M\u00daLTIPLES COMBUSTIBLES Generador termoel\u00e9ctrico 5kW de ciclo combinado en base a Pila de combustible de \u00f3xido s\u00f3lido. &#8211; SOFC: Solid Oxide Fuel Cell Caracter\u00edsticas y ventajas:&#8211; Electrolito de cer\u00e1mica, electrodos. (no platino)Menor costo. &#8211; Alta TemperaturaMulticombustible (hidrocarburos livianos),Aprovechamiento de calor en procesos. &#8211; Modularidad.Generaci\u00f3n Distribuida.&hellip;<\/p>\n","protected":false},"author":2,"featured_media":0,"parent":0,"menu_order":0,"comment_status":"closed","ping_status":"closed","template":"","meta":[],"_links":{"self":[{"href":"https:\/\/enerfe.nestorcarvallo.com\/index.php\/wp-json\/wp\/v2\/pages\/1148"}],"collection":[{"href":"https:\/\/enerfe.nestorcarvallo.com\/index.php\/wp-json\/wp\/v2\/pages"}],"about":[{"href":"https:\/\/enerfe.nestorcarvallo.com\/index.php\/wp-json\/wp\/v2\/types\/page"}],"author":[{"embeddable":true,"href":"https:\/\/enerfe.nestorcarvallo.com\/index.php\/wp-json\/wp\/v2\/users\/2"}],"replies":[{"embeddable":true,"href":"https:\/\/enerfe.nestorcarvallo.com\/index.php\/wp-json\/wp\/v2\/comments?post=1148"}],"version-history":[{"count":25,"href":"https:\/\/enerfe.nestorcarvallo.com\/index.php\/wp-json\/wp\/v2\/pages\/1148\/revisions"}],"predecessor-version":[{"id":2127,"href":"https:\/\/enerfe.nestorcarvallo.com\/index.php\/wp-json\/wp\/v2\/pages\/1148\/revisions\/2127"}],"wp:attachment":[{"href":"https:\/\/enerfe.nestorcarvallo.com\/index.php\/wp-json\/wp\/v2\/media?parent=1148"}],"curies":[{"name":"wp","href":"https:\/\/api.w.org\/{rel}","templated":true}]}}