                                                                                                                                                                                                                                                                                                                                                                                                                                                                                                                                                                                                                                                                                                                                                                                                                                                                                  {"id":1157,"date":"2021-03-04T19:08:28","date_gmt":"2021-03-04T22:08:28","guid":{"rendered":"http:\/\/enerfe.nestorcarvallo.com\/?page_id=1157"},"modified":"2021-03-04T19:16:08","modified_gmt":"2021-03-04T22:16:08","slug":"torre-de-medicion","status":"publish","type":"page","link":"https:\/\/enerfe.nestorcarvallo.com\/index.php\/torre-de-medicion\/","title":{"rendered":"Torre de Medici\u00f3n"},"content":{"rendered":"\t\t<div data-elementor-type=\"wp-page\" data-elementor-id=\"1157\" class=\"elementor elementor-1157\" data-elementor-settings=\"[]\">\n\t\t\t\t\t\t<div class=\"elementor-inner\">\n\t\t\t\t\t\t\t<div class=\"elementor-section-wrap\">\n\t\t\t\t\t\t\t<section class=\"elementor-section elementor-top-section elementor-element elementor-element-8dce1c3 elementor-section-boxed elementor-section-height-default elementor-section-height-default\" data-id=\"8dce1c3\" data-element_type=\"section\">\n\t\t\t\t\t\t<div class=\"elementor-container elementor-column-gap-default\">\n\t\t\t\t\t\t\t<div class=\"elementor-row\">\n\t\t\t\t\t<div class=\"elementor-column elementor-col-100 elementor-top-column elementor-element elementor-element-f7c67ce\" data-id=\"f7c67ce\" data-element_type=\"column\">\n\t\t\t<div class=\"elementor-column-wrap elementor-element-populated\">\n\t\t\t\t\t\t\t<div class=\"elementor-widget-wrap\">\n\t\t\t\t\t\t<section class=\"elementor-section elementor-inner-section elementor-element elementor-element-6be9682 elementor-section-boxed elementor-section-height-default elementor-section-height-default\" data-id=\"6be9682\" data-element_type=\"section\">\n\t\t\t\t\t\t<div class=\"elementor-container elementor-column-gap-default\">\n\t\t\t\t\t\t\t<div class=\"elementor-row\">\n\t\t\t\t\t<div class=\"elementor-column elementor-col-100 elementor-inner-column elementor-element elementor-element-1eae098\" data-id=\"1eae098\" data-element_type=\"column\">\n\t\t\t<div class=\"elementor-column-wrap elementor-element-populated\">\n\t\t\t\t\t\t\t<div class=\"elementor-widget-wrap\">\n\t\t\t\t\t\t<div class=\"elementor-element elementor-element-80e0cbf elementor-widget elementor-widget-image\" data-id=\"80e0cbf\" data-element_type=\"widget\" data-widget_type=\"image.default\">\n\t\t\t\t<div class=\"elementor-widget-container\">\n\t\t\t\t\t<div class=\"elementor-image\">\n\t\t\t\t\t\t\t\t\t\t<img width=\"1365\" height=\"768\" src=\"https:\/\/enerfe.nestorcarvallo.com\/wp-content\/uploads\/2021\/03\/ENERFE-SA-PEREIRA-20180907-Rev2.jpg\" class=\"attachment-full size-full\" alt=\"\" loading=\"lazy\" srcset=\"https:\/\/enerfe.nestorcarvallo.com\/wp-content\/uploads\/2021\/03\/ENERFE-SA-PEREIRA-20180907-Rev2.jpg 1365w, https:\/\/enerfe.nestorcarvallo.com\/wp-content\/uploads\/2021\/03\/ENERFE-SA-PEREIRA-20180907-Rev2-300x169.jpg 300w, https:\/\/enerfe.nestorcarvallo.com\/wp-content\/uploads\/2021\/03\/ENERFE-SA-PEREIRA-20180907-Rev2-1024x576.jpg 1024w, https:\/\/enerfe.nestorcarvallo.com\/wp-content\/uploads\/2021\/03\/ENERFE-SA-PEREIRA-20180907-Rev2-768x432.jpg 768w\" sizes=\"(max-width: 1365px) 100vw, 1365px\" \/>\t\t\t\t\t\t\t\t\t\t\t<\/div>\n\t\t\t\t<\/div>\n\t\t\t\t<\/div>\n\t\t\t\t\t\t<\/div>\n\t\t\t\t\t<\/div>\n\t\t<\/div>\n\t\t\t\t\t\t\t\t<\/div>\n\t\t\t\t\t<\/div>\n\t\t<\/section>\n\t\t\t\t\t\t<\/div>\n\t\t\t\t\t<\/div>\n\t\t<\/div>\n\t\t\t\t\t\t\t\t<\/div>\n\t\t\t\t\t<\/div>\n\t\t<\/section>\n\t\t\t\t<section class=\"elementor-section elementor-top-section elementor-element elementor-element-1a06bd9 elementor-section-boxed elementor-section-height-default elementor-section-height-default\" data-id=\"1a06bd9\" data-element_type=\"section\">\n\t\t\t\t\t\t<div class=\"elementor-container elementor-column-gap-default\">\n\t\t\t\t\t\t\t<div class=\"elementor-row\">\n\t\t\t\t\t<div class=\"elementor-column elementor-col-100 elementor-top-column elementor-element elementor-element-57425d9\" data-id=\"57425d9\" data-element_type=\"column\">\n\t\t\t<div class=\"elementor-column-wrap elementor-element-populated\">\n\t\t\t\t\t\t\t<div class=\"elementor-widget-wrap\">\n\t\t\t\t\t\t<div class=\"elementor-element elementor-element-0b4b438 elementor-widget elementor-widget-text-editor\" data-id=\"0b4b438\" data-element_type=\"widget\" data-widget_type=\"text-editor.default\">\n\t\t\t\t<div class=\"elementor-widget-container\">\n\t\t\t\t\t<div class=\"elementor-text-editor elementor-clearfix\"><p>To<b>rre de medici\u00f3n<\/b><\/p><p>La torre o M\u00e1stil de Medici\u00f3n de Vientos en la cercan\u00eda de la localidad de Sa Pereira, en la Provincia de Santa Fe perteneciente a ENERFE, comenz\u00f3 la recolecci\u00f3n de datos correctamente el d\u00eda: 07\/09\/2018.<br \/>Este dispositivo es un m\u00e1stil arriostrado para medici\u00f3n de recurso e\u00f3lico de 96m de altura, de secci\u00f3n triangular equil\u00e1tera constante, de ancho de cara de 45cm. (Las dimensiones geom\u00e9tricas del m\u00e1stil y de brazos soporte cumplen con los requisitos de la norma IEC61400-12-1:2017).<\/p><p>La torre cuenta las normas de seguridad y protecci\u00f3n (estructuras galvanizadas en caliente seg\u00fan ASTM 123 y pintadas con los colores reglamentarios seg\u00fan las normas vigentes), as\u00ed tambi\u00e9n con distintos elementos que permiten la medici\u00f3n de los diferentes vientos en la locaci\u00f3n y que son registrados por un data logger alimentado por energ\u00eda solar:<br \/>&#8211; Anem\u00f3metros a 40 m., 60 m. 80 m. y 96 m., capaces de medir vientos de 1 a 96 metros por segundo.<br \/>&#8211; Veletas a 58 m., 78 m. y 94 m.<\/p><p>La misma es una unidad para captar datos meteorol\u00f3gicos fidedignos de manera consistente, precisa y reproducible de un lugar elevado del centro de la provincia de Santa Fe. Luego de su instalaci\u00f3n y comprobaci\u00f3n de acuerdo a est\u00e1ndares de los par\u00e1metros meteorol\u00f3gicos del lugar, es posible presentarse a solicitar financiamiento espec\u00edfico para la industria e\u00f3lica as\u00ed como habilita a solicitar presupuestos a fabricantes que comercialicen sus productos en la zona y para el erguimiento de aerogeneradores en el lugar.<\/p><p>Espec\u00edficamente sirve para estimar, analizar y reportar formalmente la magnitud, direcci\u00f3n y turbulencia del viento en el lugar espec\u00edfico, promediado cada 10 minutos y para uno o dos a\u00f1os completos, de manera preliminar a la instalaci\u00f3n de un parque e\u00f3lico. Junto a otros datos de inter\u00e9s como velocidades m\u00e1ximas, es posible luego de este per\u00edodo, determinar con certeza qu\u00e9 tipo de turbina (Tipo I, II, III o IV) es adecuada para el lugar de acuerdo al comportamiento m\u00e1s frecuente del viento.<\/p><p>Luego de instalado el aerogenerador y en caso de que sea factible hacerlo, la torre contin\u00faa su servicio con los objetivos de monitoreo y comprobaci\u00f3n de la performance de generaci\u00f3n. Permite tambi\u00e9n la corroboraci\u00f3n de la curva de potencia, situaci\u00f3n\/calibraci\u00f3n que es requerida por los fabricantes para obtener los m\u00e1ximos plazos de garant\u00eda disponible cuando los mismos se instalan, en caso de llegar a hacerlo.<\/p><\/div>\n\t\t\t\t<\/div>\n\t\t\t\t<\/div>\n\t\t\t\t\t\t<\/div>\n\t\t\t\t\t<\/div>\n\t\t<\/div>\n\t\t\t\t\t\t\t\t<\/div>\n\t\t\t\t\t<\/div>\n\t\t<\/section>\n\t\t\t\t<section class=\"elementor-section elementor-top-section elementor-element elementor-element-a54eebc elementor-section-boxed elementor-section-height-default elementor-section-height-default\" data-id=\"a54eebc\" data-element_type=\"section\">\n\t\t\t\t\t\t<div class=\"elementor-container elementor-column-gap-default\">\n\t\t\t\t\t\t\t<div class=\"elementor-row\">\n\t\t\t\t\t<div class=\"elementor-column elementor-col-100 elementor-top-column elementor-element elementor-element-7c21277\" data-id=\"7c21277\" data-element_type=\"column\">\n\t\t\t<div class=\"elementor-column-wrap elementor-element-populated\">\n\t\t\t\t\t\t\t<div class=\"elementor-widget-wrap\">\n\t\t\t\t\t\t<div class=\"elementor-element elementor-element-e3c2503 elementor-widget elementor-widget-heading\" data-id=\"e3c2503\" data-element_type=\"widget\" data-widget_type=\"heading.default\">\n\t\t\t\t<div class=\"elementor-widget-container\">\n\t\t\t<h4 class=\"elementor-heading-title elementor-size-default\">Torre de medici\u00f3n<\/h4>\t\t<\/div>\n\t\t\t\t<\/div>\n\t\t\t\t<div class=\"elementor-element elementor-element-720cb35 gallery-spacing-custom elementor-widget elementor-widget-image-gallery\" data-id=\"720cb35\" data-element_type=\"widget\" data-widget_type=\"image-gallery.default\">\n\t\t\t\t<div class=\"elementor-widget-container\">\n\t\t\t\t\t<div class=\"elementor-image-gallery\">\n\t\t\t<div id='gallery-1' class='gallery galleryid-1157 gallery-columns-3 gallery-size-thumbnail'><figure class='gallery-item'>\n\t\t\t<div class='gallery-icon portrait'>\n\t\t\t\t<a data-elementor-open-lightbox=\"yes\" data-elementor-lightbox-slideshow=\"720cb35\" data-elementor-lightbox-title=\"ENERFE - SA PEREIRA - 20180907-Rev0\" href='https:\/\/enerfe.nestorcarvallo.com\/wp-content\/uploads\/2021\/03\/ENERFE-SA-PEREIRA-20180907-Rev0.jpg'><img width=\"150\" height=\"150\" src=\"https:\/\/enerfe.nestorcarvallo.com\/wp-content\/uploads\/2021\/03\/ENERFE-SA-PEREIRA-20180907-Rev0-150x150.jpg\" class=\"attachment-thumbnail size-thumbnail\" alt=\"\" loading=\"lazy\" srcset=\"https:\/\/enerfe.nestorcarvallo.com\/wp-content\/uploads\/2021\/03\/ENERFE-SA-PEREIRA-20180907-Rev0-150x150.jpg 150w, https:\/\/enerfe.nestorcarvallo.com\/wp-content\/uploads\/2021\/03\/ENERFE-SA-PEREIRA-20180907-Rev0-450x450.jpg 450w\" sizes=\"(max-width: 150px) 100vw, 150px\" \/><\/a>\n\t\t\t<\/div><\/figure><figure class='gallery-item'>\n\t\t\t<div class='gallery-icon portrait'>\n\t\t\t\t<a data-elementor-open-lightbox=\"yes\" data-elementor-lightbox-slideshow=\"720cb35\" data-elementor-lightbox-title=\"ENERFE - SA PEREIRA - 20180907-Rev1\" href='https:\/\/enerfe.nestorcarvallo.com\/wp-content\/uploads\/2021\/03\/ENERFE-SA-PEREIRA-20180907-Rev1.jpg'><img width=\"150\" height=\"150\" src=\"https:\/\/enerfe.nestorcarvallo.com\/wp-content\/uploads\/2021\/03\/ENERFE-SA-PEREIRA-20180907-Rev1-150x150.jpg\" class=\"attachment-thumbnail size-thumbnail\" alt=\"\" loading=\"lazy\" srcset=\"https:\/\/enerfe.nestorcarvallo.com\/wp-content\/uploads\/2021\/03\/ENERFE-SA-PEREIRA-20180907-Rev1-150x150.jpg 150w, https:\/\/enerfe.nestorcarvallo.com\/wp-content\/uploads\/2021\/03\/ENERFE-SA-PEREIRA-20180907-Rev1-450x450.jpg 450w\" sizes=\"(max-width: 150px) 100vw, 150px\" \/><\/a>\n\t\t\t<\/div><\/figure><figure class='gallery-item'>\n\t\t\t<div class='gallery-icon portrait'>\n\t\t\t\t<a data-elementor-open-lightbox=\"yes\" data-elementor-lightbox-slideshow=\"720cb35\" data-elementor-lightbox-title=\"ENERFE - SA PEREIRA - 20180907-Rev3\" href='https:\/\/enerfe.nestorcarvallo.com\/wp-content\/uploads\/2021\/03\/ENERFE-SA-PEREIRA-20180907-Rev3.jpg'><img width=\"150\" height=\"150\" src=\"https:\/\/enerfe.nestorcarvallo.com\/wp-content\/uploads\/2021\/03\/ENERFE-SA-PEREIRA-20180907-Rev3-150x150.jpg\" class=\"attachment-thumbnail size-thumbnail\" alt=\"\" loading=\"lazy\" \/><\/a>\n\t\t\t<\/div><\/figure><figure class='gallery-item'>\n\t\t\t<div class='gallery-icon landscape'>\n\t\t\t\t<a data-elementor-open-lightbox=\"yes\" data-elementor-lightbox-slideshow=\"720cb35\" data-elementor-lightbox-title=\"ENERFE - SA PEREIRA - 20180907-Rev2\" href='https:\/\/enerfe.nestorcarvallo.com\/wp-content\/uploads\/2021\/03\/ENERFE-SA-PEREIRA-20180907-Rev2.jpg'><img width=\"150\" height=\"150\" src=\"https:\/\/enerfe.nestorcarvallo.com\/wp-content\/uploads\/2021\/03\/ENERFE-SA-PEREIRA-20180907-Rev2-150x150.jpg\" class=\"attachment-thumbnail size-thumbnail\" alt=\"\" loading=\"lazy\" srcset=\"https:\/\/enerfe.nestorcarvallo.com\/wp-content\/uploads\/2021\/03\/ENERFE-SA-PEREIRA-20180907-Rev2-150x150.jpg 150w, https:\/\/enerfe.nestorcarvallo.com\/wp-content\/uploads\/2021\/03\/ENERFE-SA-PEREIRA-20180907-Rev2-450x450.jpg 450w\" sizes=\"(max-width: 150px) 100vw, 150px\" \/><\/a>\n\t\t\t<\/div><\/figure><figure class='gallery-item'>\n\t\t\t<div class='gallery-icon portrait'>\n\t\t\t\t<a data-elementor-open-lightbox=\"yes\" data-elementor-lightbox-slideshow=\"720cb35\" data-elementor-lightbox-title=\"ENERFE - SA PEREIRA - 20180907-Rev4\" href='https:\/\/enerfe.nestorcarvallo.com\/wp-content\/uploads\/2021\/03\/ENERFE-SA-PEREIRA-20180907-Rev4.jpg'><img width=\"150\" height=\"150\" src=\"https:\/\/enerfe.nestorcarvallo.com\/wp-content\/uploads\/2021\/03\/ENERFE-SA-PEREIRA-20180907-Rev4-150x150.jpg\" class=\"attachment-thumbnail size-thumbnail\" alt=\"\" loading=\"lazy\" \/><\/a>\n\t\t\t<\/div><\/figure>\n\t\t<\/div>\n\t\t<\/div>\n\t\t\t\t<\/div>\n\t\t\t\t<\/div>\n\t\t\t\t\t\t<\/div>\n\t\t\t\t\t<\/div>\n\t\t<\/div>\n\t\t\t\t\t\t\t\t<\/div>\n\t\t\t\t\t<\/div>\n\t\t<\/section>\n\t\t\t\t\t\t<\/div>\n\t\t\t\t\t\t<\/div>\n\t\t\t\t\t<\/div>\n\t\t","protected":false},"excerpt":{"rendered":"<p>Torre de medici\u00f3n La torre o M\u00e1stil de Medici\u00f3n de Vientos en la cercan\u00eda de la localidad de Sa Pereira, en la Provincia de Santa Fe perteneciente a ENERFE, comenz\u00f3 la recolecci\u00f3n de datos correctamente el d\u00eda: 07\/09\/2018.Este dispositivo es un m\u00e1stil arriostrado para medici\u00f3n de recurso e\u00f3lico de 96m&hellip;<\/p>\n","protected":false},"author":2,"featured_media":0,"parent":0,"menu_order":0,"comment_status":"closed","ping_status":"closed","template":"","meta":[],"_links":{"self":[{"href":"https:\/\/enerfe.nestorcarvallo.com\/index.php\/wp-json\/wp\/v2\/pages\/1157"}],"collection":[{"href":"https:\/\/enerfe.nestorcarvallo.com\/index.php\/wp-json\/wp\/v2\/pages"}],"about":[{"href":"https:\/\/enerfe.nestorcarvallo.com\/index.php\/wp-json\/wp\/v2\/types\/page"}],"author":[{"embeddable":true,"href":"https:\/\/enerfe.nestorcarvallo.com\/index.php\/wp-json\/wp\/v2\/users\/2"}],"replies":[{"embeddable":true,"href":"https:\/\/enerfe.nestorcarvallo.com\/index.php\/wp-json\/wp\/v2\/comments?post=1157"}],"version-history":[{"count":4,"href":"https:\/\/enerfe.nestorcarvallo.com\/index.php\/wp-json\/wp\/v2\/pages\/1157\/revisions"}],"predecessor-version":[{"id":1166,"href":"https:\/\/enerfe.nestorcarvallo.com\/index.php\/wp-json\/wp\/v2\/pages\/1157\/revisions\/1166"}],"wp:attachment":[{"href":"https:\/\/enerfe.nestorcarvallo.com\/index.php\/wp-json\/wp\/v2\/media?parent=1157"}],"curies":[{"name":"wp","href":"https:\/\/api.w.org\/{rel}","templated":true}]}}