                                                                                                                                                                                                                                                                                                                                                                                                                                                                                                                                                                                                                                                                                                                                                                                                                                                                                  {"id":1199,"date":"2021-03-04T19:44:20","date_gmt":"2021-03-04T22:44:20","guid":{"rendered":"http:\/\/enerfe.nestorcarvallo.com\/?page_id=1199"},"modified":"2021-03-04T19:49:12","modified_gmt":"2021-03-04T22:49:12","slug":"green-h2","status":"publish","type":"page","link":"https:\/\/enerfe.nestorcarvallo.com\/index.php\/green-h2\/","title":{"rendered":"Green H2"},"content":{"rendered":"\t\t<div data-elementor-type=\"wp-page\" data-elementor-id=\"1199\" class=\"elementor elementor-1199\" data-elementor-settings=\"[]\">\n\t\t\t\t\t\t<div class=\"elementor-inner\">\n\t\t\t\t\t\t\t<div class=\"elementor-section-wrap\">\n\t\t\t\t\t\t\t<section class=\"elementor-section elementor-top-section elementor-element elementor-element-8dce1c3 elementor-section-boxed elementor-section-height-default elementor-section-height-default\" data-id=\"8dce1c3\" data-element_type=\"section\">\n\t\t\t\t\t\t<div class=\"elementor-container elementor-column-gap-default\">\n\t\t\t\t\t\t\t<div class=\"elementor-row\">\n\t\t\t\t\t<div class=\"elementor-column elementor-col-100 elementor-top-column elementor-element elementor-element-f7c67ce\" data-id=\"f7c67ce\" data-element_type=\"column\">\n\t\t\t<div class=\"elementor-column-wrap elementor-element-populated\">\n\t\t\t\t\t\t\t<div class=\"elementor-widget-wrap\">\n\t\t\t\t\t\t<section class=\"elementor-section elementor-inner-section elementor-element elementor-element-6be9682 elementor-section-boxed elementor-section-height-default elementor-section-height-default\" data-id=\"6be9682\" data-element_type=\"section\">\n\t\t\t\t\t\t<div class=\"elementor-container elementor-column-gap-default\">\n\t\t\t\t\t\t\t<div class=\"elementor-row\">\n\t\t\t\t\t<div class=\"elementor-column elementor-col-100 elementor-inner-column elementor-element elementor-element-1eae098\" data-id=\"1eae098\" data-element_type=\"column\">\n\t\t\t<div class=\"elementor-column-wrap elementor-element-populated\">\n\t\t\t\t\t\t\t<div class=\"elementor-widget-wrap\">\n\t\t\t\t\t\t<div class=\"elementor-element elementor-element-80e0cbf elementor-widget elementor-widget-image\" data-id=\"80e0cbf\" data-element_type=\"widget\" data-widget_type=\"image.default\">\n\t\t\t\t<div class=\"elementor-widget-container\">\n\t\t\t\t\t<div class=\"elementor-image\">\n\t\t\t\t\t\t\t\t\t\t<img width=\"2560\" height=\"1920\" src=\"https:\/\/enerfe.nestorcarvallo.com\/wp-content\/uploads\/2021\/03\/Green-H2-01-scaled.jpg\" class=\"attachment-full size-full\" alt=\"\" loading=\"lazy\" srcset=\"https:\/\/enerfe.nestorcarvallo.com\/wp-content\/uploads\/2021\/03\/Green-H2-01-scaled.jpg 2560w, https:\/\/enerfe.nestorcarvallo.com\/wp-content\/uploads\/2021\/03\/Green-H2-01-300x225.jpg 300w, https:\/\/enerfe.nestorcarvallo.com\/wp-content\/uploads\/2021\/03\/Green-H2-01-1024x768.jpg 1024w, https:\/\/enerfe.nestorcarvallo.com\/wp-content\/uploads\/2021\/03\/Green-H2-01-768x576.jpg 768w, https:\/\/enerfe.nestorcarvallo.com\/wp-content\/uploads\/2021\/03\/Green-H2-01-1536x1152.jpg 1536w, https:\/\/enerfe.nestorcarvallo.com\/wp-content\/uploads\/2021\/03\/Green-H2-01-2048x1536.jpg 2048w\" sizes=\"(max-width: 2560px) 100vw, 2560px\" \/>\t\t\t\t\t\t\t\t\t\t\t<\/div>\n\t\t\t\t<\/div>\n\t\t\t\t<\/div>\n\t\t\t\t\t\t<\/div>\n\t\t\t\t\t<\/div>\n\t\t<\/div>\n\t\t\t\t\t\t\t\t<\/div>\n\t\t\t\t\t<\/div>\n\t\t<\/section>\n\t\t\t\t\t\t<\/div>\n\t\t\t\t\t<\/div>\n\t\t<\/div>\n\t\t\t\t\t\t\t\t<\/div>\n\t\t\t\t\t<\/div>\n\t\t<\/section>\n\t\t\t\t<section class=\"elementor-section elementor-top-section elementor-element elementor-element-1a06bd9 elementor-section-boxed elementor-section-height-default elementor-section-height-default\" data-id=\"1a06bd9\" data-element_type=\"section\">\n\t\t\t\t\t\t<div class=\"elementor-container elementor-column-gap-default\">\n\t\t\t\t\t\t\t<div class=\"elementor-row\">\n\t\t\t\t\t<div class=\"elementor-column elementor-col-100 elementor-top-column elementor-element elementor-element-57425d9\" data-id=\"57425d9\" data-element_type=\"column\">\n\t\t\t<div class=\"elementor-column-wrap elementor-element-populated\">\n\t\t\t\t\t\t\t<div class=\"elementor-widget-wrap\">\n\t\t\t\t\t\t<div class=\"elementor-element elementor-element-0b4b438 elementor-widget elementor-widget-text-editor\" data-id=\"0b4b438\" data-element_type=\"widget\" data-widget_type=\"text-editor.default\">\n\t\t\t\t<div class=\"elementor-widget-container\">\n\t\t\t\t\t<div class=\"elementor-text-editor elementor-clearfix\"><p>El Green H2 (Hidr\u00f3geno Verde), se produce por electr\u00f3lisis del agua a partir de energ\u00eda el\u00e9ctrica procedente de fuentes renovables, transforma el agua en mol\u00e9culas de gases de hidr\u00f3geno y ox\u00edgeno. Es una fuente inagotable de energ\u00eda limpia, sustentable y que tiene como objetivo la reducci\u00f3n del CO2 en la ecuaci\u00f3n de la matriz energ\u00e9tica global.<\/p><p>El proceso es vanguardista en t\u00e9rminos de obtenci\u00f3n energ\u00e9tica, dado que a partir de un elemento presente en el 70% del planeta y de los avances conseguidos en t\u00e9rminos de generaci\u00f3n de energ\u00eda el\u00e9ctrica limpia, se puede extraer el hidr\u00f3geno en grandes vol\u00famenes, lo suficiente para estandarizar su uso en m\u00faltiples \u00e1mbitos por sus caracter\u00edsticas como combustible, propiedades qu\u00edmicas y ser un elemento totalmente amigable con el ambiente.<\/p><\/div>\n\t\t\t\t<\/div>\n\t\t\t\t<\/div>\n\t\t\t\t\t\t<\/div>\n\t\t\t\t\t<\/div>\n\t\t<\/div>\n\t\t\t\t\t\t\t\t<\/div>\n\t\t\t\t\t<\/div>\n\t\t<\/section>\n\t\t\t\t<section class=\"elementor-section elementor-top-section elementor-element elementor-element-a54eebc elementor-section-boxed elementor-section-height-default elementor-section-height-default\" data-id=\"a54eebc\" data-element_type=\"section\">\n\t\t\t\t\t\t<div class=\"elementor-container elementor-column-gap-default\">\n\t\t\t\t\t\t\t<div class=\"elementor-row\">\n\t\t\t\t\t<div class=\"elementor-column elementor-col-100 elementor-top-column elementor-element elementor-element-7c21277\" data-id=\"7c21277\" data-element_type=\"column\">\n\t\t\t<div class=\"elementor-column-wrap elementor-element-populated\">\n\t\t\t\t\t\t\t<div class=\"elementor-widget-wrap\">\n\t\t\t\t\t\t\t\t<\/div>\n\t\t\t\t\t<\/div>\n\t\t<\/div>\n\t\t\t\t\t\t\t\t<\/div>\n\t\t\t\t\t<\/div>\n\t\t<\/section>\n\t\t\t\t\t\t<\/div>\n\t\t\t\t\t\t<\/div>\n\t\t\t\t\t<\/div>\n\t\t","protected":false},"excerpt":{"rendered":"<p>El Green H2 (Hidr\u00f3geno Verde), se produce por electr\u00f3lisis del agua a partir de energ\u00eda el\u00e9ctrica procedente de fuentes renovables, transforma el agua en mol\u00e9culas de gases de hidr\u00f3geno y ox\u00edgeno. Es una fuente inagotable de energ\u00eda limpia, sustentable y que tiene como objetivo la reducci\u00f3n del CO2 en la&hellip;<\/p>\n","protected":false},"author":2,"featured_media":0,"parent":0,"menu_order":0,"comment_status":"closed","ping_status":"closed","template":"","meta":[],"_links":{"self":[{"href":"https:\/\/enerfe.nestorcarvallo.com\/index.php\/wp-json\/wp\/v2\/pages\/1199"}],"collection":[{"href":"https:\/\/enerfe.nestorcarvallo.com\/index.php\/wp-json\/wp\/v2\/pages"}],"about":[{"href":"https:\/\/enerfe.nestorcarvallo.com\/index.php\/wp-json\/wp\/v2\/types\/page"}],"author":[{"embeddable":true,"href":"https:\/\/enerfe.nestorcarvallo.com\/index.php\/wp-json\/wp\/v2\/users\/2"}],"replies":[{"embeddable":true,"href":"https:\/\/enerfe.nestorcarvallo.com\/index.php\/wp-json\/wp\/v2\/comments?post=1199"}],"version-history":[{"count":4,"href":"https:\/\/enerfe.nestorcarvallo.com\/index.php\/wp-json\/wp\/v2\/pages\/1199\/revisions"}],"predecessor-version":[{"id":1204,"href":"https:\/\/enerfe.nestorcarvallo.com\/index.php\/wp-json\/wp\/v2\/pages\/1199\/revisions\/1204"}],"wp:attachment":[{"href":"https:\/\/enerfe.nestorcarvallo.com\/index.php\/wp-json\/wp\/v2\/media?parent=1199"}],"curies":[{"name":"wp","href":"https:\/\/api.w.org\/{rel}","templated":true}]}}