                                                                                                                                                                                                                                                                                                                                                                                                                                                                                                                                                                                                                                                                                                                                                                                                                                                                                  {"id":1245,"date":"2021-03-05T07:35:58","date_gmt":"2021-03-05T10:35:58","guid":{"rendered":"http:\/\/enerfe.nestorcarvallo.com\/?page_id=1245"},"modified":"2021-03-05T07:43:11","modified_gmt":"2021-03-05T10:43:11","slug":"gasoducto-rn34-sur","status":"publish","type":"page","link":"https:\/\/enerfe.nestorcarvallo.com\/index.php\/gasoducto-rn34-sur\/","title":{"rendered":"Gasoducto RN34 Sur"},"content":{"rendered":"\t\t<div data-elementor-type=\"wp-page\" data-elementor-id=\"1245\" class=\"elementor elementor-1245\" data-elementor-settings=\"[]\">\n\t\t\t\t\t\t<div class=\"elementor-inner\">\n\t\t\t\t\t\t\t<div class=\"elementor-section-wrap\">\n\t\t\t\t\t\t\t<section class=\"elementor-section elementor-top-section elementor-element elementor-element-8dce1c3 elementor-section-boxed elementor-section-height-default elementor-section-height-default\" data-id=\"8dce1c3\" data-element_type=\"section\">\n\t\t\t\t\t\t<div class=\"elementor-container elementor-column-gap-default\">\n\t\t\t\t\t\t\t<div class=\"elementor-row\">\n\t\t\t\t\t<div class=\"elementor-column elementor-col-100 elementor-top-column elementor-element elementor-element-f7c67ce\" data-id=\"f7c67ce\" data-element_type=\"column\">\n\t\t\t<div class=\"elementor-column-wrap elementor-element-populated\">\n\t\t\t\t\t\t\t<div class=\"elementor-widget-wrap\">\n\t\t\t\t\t\t<section class=\"elementor-section elementor-inner-section elementor-element elementor-element-6be9682 elementor-section-boxed elementor-section-height-default elementor-section-height-default\" data-id=\"6be9682\" data-element_type=\"section\">\n\t\t\t\t\t\t<div class=\"elementor-container elementor-column-gap-default\">\n\t\t\t\t\t\t\t<div class=\"elementor-row\">\n\t\t\t\t\t<div class=\"elementor-column elementor-col-100 elementor-inner-column elementor-element elementor-element-1eae098\" data-id=\"1eae098\" data-element_type=\"column\">\n\t\t\t<div class=\"elementor-column-wrap elementor-element-populated\">\n\t\t\t\t\t\t\t<div class=\"elementor-widget-wrap\">\n\t\t\t\t\t\t<div class=\"elementor-element elementor-element-80e0cbf elementor-widget elementor-widget-image\" data-id=\"80e0cbf\" data-element_type=\"widget\" data-widget_type=\"image.default\">\n\t\t\t\t<div class=\"elementor-widget-container\">\n\t\t\t\t\t<div class=\"elementor-image\">\n\t\t\t\t\t\t\t\t\t\t<img width=\"2560\" height=\"1844\" src=\"https:\/\/enerfe.nestorcarvallo.com\/wp-content\/uploads\/2021\/03\/Mapa-34-01-scaled.jpg\" class=\"attachment-full size-full\" alt=\"\" loading=\"lazy\" srcset=\"https:\/\/enerfe.nestorcarvallo.com\/wp-content\/uploads\/2021\/03\/Mapa-34-01-scaled.jpg 2560w, https:\/\/enerfe.nestorcarvallo.com\/wp-content\/uploads\/2021\/03\/Mapa-34-01-300x216.jpg 300w, https:\/\/enerfe.nestorcarvallo.com\/wp-content\/uploads\/2021\/03\/Mapa-34-01-1024x737.jpg 1024w, https:\/\/enerfe.nestorcarvallo.com\/wp-content\/uploads\/2021\/03\/Mapa-34-01-768x553.jpg 768w, https:\/\/enerfe.nestorcarvallo.com\/wp-content\/uploads\/2021\/03\/Mapa-34-01-1536x1106.jpg 1536w, https:\/\/enerfe.nestorcarvallo.com\/wp-content\/uploads\/2021\/03\/Mapa-34-01-2048x1475.jpg 2048w\" sizes=\"(max-width: 2560px) 100vw, 2560px\" \/>\t\t\t\t\t\t\t\t\t\t\t<\/div>\n\t\t\t\t<\/div>\n\t\t\t\t<\/div>\n\t\t\t\t\t\t<\/div>\n\t\t\t\t\t<\/div>\n\t\t<\/div>\n\t\t\t\t\t\t\t\t<\/div>\n\t\t\t\t\t<\/div>\n\t\t<\/section>\n\t\t\t\t\t\t<\/div>\n\t\t\t\t\t<\/div>\n\t\t<\/div>\n\t\t\t\t\t\t\t\t<\/div>\n\t\t\t\t\t<\/div>\n\t\t<\/section>\n\t\t\t\t<section class=\"elementor-section elementor-top-section elementor-element elementor-element-1a06bd9 elementor-section-boxed elementor-section-height-default elementor-section-height-default\" data-id=\"1a06bd9\" data-element_type=\"section\">\n\t\t\t\t\t\t<div class=\"elementor-container elementor-column-gap-default\">\n\t\t\t\t\t\t\t<div class=\"elementor-row\">\n\t\t\t\t\t<div class=\"elementor-column elementor-col-100 elementor-top-column elementor-element elementor-element-57425d9\" data-id=\"57425d9\" data-element_type=\"column\">\n\t\t\t<div class=\"elementor-column-wrap elementor-element-populated\">\n\t\t\t\t\t\t\t<div class=\"elementor-widget-wrap\">\n\t\t\t\t\t\t<div class=\"elementor-element elementor-element-0b4b438 elementor-widget elementor-widget-text-editor\" data-id=\"0b4b438\" data-element_type=\"widget\" data-widget_type=\"text-editor.default\">\n\t\t\t\t<div class=\"elementor-widget-container\">\n\t\t\t\t\t<div class=\"elementor-text-editor elementor-clearfix\"><p><strong>Gasoducto RN34 Sur:<\/strong><\/p><p>Conecta a 12 localidades del sur provincial que son cercanas a esta v\u00eda, impulsando la gasificaci\u00f3n industrial, comercial y domiciliaria de San Mart\u00edn de las Escobas, Lucio V. L\u00f3pez, Salto Grande, Totoras, Clason, San Genaro, Centeno, Las Bandurrias, Casas, Ca\u00f1ada Rosqu\u00edn, y hacia el sur se plantea una conexi\u00f3n con la localidad de Ibarlucea.<\/p><\/div>\n\t\t\t\t<\/div>\n\t\t\t\t<\/div>\n\t\t\t\t\t\t<\/div>\n\t\t\t\t\t<\/div>\n\t\t<\/div>\n\t\t\t\t\t\t\t\t<\/div>\n\t\t\t\t\t<\/div>\n\t\t<\/section>\n\t\t\t\t<section class=\"elementor-section elementor-top-section elementor-element elementor-element-a54eebc elementor-section-boxed elementor-section-height-default elementor-section-height-default\" data-id=\"a54eebc\" data-element_type=\"section\">\n\t\t\t\t\t\t<div class=\"elementor-container elementor-column-gap-default\">\n\t\t\t\t\t\t\t<div class=\"elementor-row\">\n\t\t\t\t\t<div class=\"elementor-column elementor-col-100 elementor-top-column elementor-element elementor-element-7c21277\" data-id=\"7c21277\" data-element_type=\"column\">\n\t\t\t<div class=\"elementor-column-wrap elementor-element-populated\">\n\t\t\t\t\t\t\t<div class=\"elementor-widget-wrap\">\n\t\t\t\t\t\t<div class=\"elementor-element elementor-element-e3c2503 elementor-widget elementor-widget-heading\" data-id=\"e3c2503\" data-element_type=\"widget\" data-widget_type=\"heading.default\">\n\t\t\t\t<div class=\"elementor-widget-container\">\n\t\t\t<h4 class=\"elementor-heading-title elementor-size-default\">Mapa del Gasoducto RN34 Sur<\/h4>\t\t<\/div>\n\t\t\t\t<\/div>\n\t\t\t\t<div class=\"elementor-element elementor-element-720cb35 gallery-spacing-custom elementor-widget elementor-widget-image-gallery\" data-id=\"720cb35\" data-element_type=\"widget\" data-widget_type=\"image-gallery.default\">\n\t\t\t\t<div class=\"elementor-widget-container\">\n\t\t\t\t\t<div class=\"elementor-image-gallery\">\n\t\t\t<div id='gallery-1' class='gallery galleryid-1245 gallery-columns-2 gallery-size-thumbnail'><figure class='gallery-item'>\n\t\t\t<div class='gallery-icon landscape'>\n\t\t\t\t<a data-elementor-open-lightbox=\"yes\" data-elementor-lightbox-slideshow=\"720cb35\" data-elementor-lightbox-title=\"Mapa 34-01\" href='https:\/\/enerfe.nestorcarvallo.com\/wp-content\/uploads\/2021\/03\/Mapa-34-01-scaled.jpg'><img width=\"150\" height=\"150\" src=\"https:\/\/enerfe.nestorcarvallo.com\/wp-content\/uploads\/2021\/03\/Mapa-34-01-150x150.jpg\" class=\"attachment-thumbnail size-thumbnail\" alt=\"\" loading=\"lazy\" srcset=\"https:\/\/enerfe.nestorcarvallo.com\/wp-content\/uploads\/2021\/03\/Mapa-34-01-150x150.jpg 150w, https:\/\/enerfe.nestorcarvallo.com\/wp-content\/uploads\/2021\/03\/Mapa-34-01-450x450.jpg 450w\" sizes=\"(max-width: 150px) 100vw, 150px\" \/><\/a>\n\t\t\t<\/div><\/figure><figure class='gallery-item'>\n\t\t\t<div class='gallery-icon landscape'>\n\t\t\t\t<a data-elementor-open-lightbox=\"yes\" data-elementor-lightbox-slideshow=\"720cb35\" data-elementor-lightbox-title=\"Cuadro\" href='https:\/\/enerfe.nestorcarvallo.com\/wp-content\/uploads\/2021\/03\/Cuadro-scaled.jpg'><img width=\"150\" height=\"150\" src=\"https:\/\/enerfe.nestorcarvallo.com\/wp-content\/uploads\/2021\/03\/Cuadro-150x150.jpg\" class=\"attachment-thumbnail size-thumbnail\" alt=\"\" loading=\"lazy\" srcset=\"https:\/\/enerfe.nestorcarvallo.com\/wp-content\/uploads\/2021\/03\/Cuadro-150x150.jpg 150w, https:\/\/enerfe.nestorcarvallo.com\/wp-content\/uploads\/2021\/03\/Cuadro-450x450.jpg 450w\" sizes=\"(max-width: 150px) 100vw, 150px\" \/><\/a>\n\t\t\t<\/div><\/figure>\n\t\t<\/div>\n\t\t<\/div>\n\t\t\t\t<\/div>\n\t\t\t\t<\/div>\n\t\t\t\t\t\t<\/div>\n\t\t\t\t\t<\/div>\n\t\t<\/div>\n\t\t\t\t\t\t\t\t<\/div>\n\t\t\t\t\t<\/div>\n\t\t<\/section>\n\t\t\t\t\t\t<\/div>\n\t\t\t\t\t\t<\/div>\n\t\t\t\t\t<\/div>\n\t\t","protected":false},"excerpt":{"rendered":"<p>Gasoducto RN34 Sur: Conecta a 12 localidades del sur provincial que son cercanas a esta v\u00eda, impulsando la gasificaci\u00f3n industrial, comercial y domiciliaria de San Mart\u00edn de las Escobas, Lucio V. L\u00f3pez, Salto Grande, Totoras, Clason, San Genaro, Centeno, Las Bandurrias, Casas, Ca\u00f1ada Rosqu\u00edn, y hacia el sur se plantea&hellip;<\/p>\n","protected":false},"author":2,"featured_media":0,"parent":0,"menu_order":0,"comment_status":"closed","ping_status":"closed","template":"","meta":[],"_links":{"self":[{"href":"https:\/\/enerfe.nestorcarvallo.com\/index.php\/wp-json\/wp\/v2\/pages\/1245"}],"collection":[{"href":"https:\/\/enerfe.nestorcarvallo.com\/index.php\/wp-json\/wp\/v2\/pages"}],"about":[{"href":"https:\/\/enerfe.nestorcarvallo.com\/index.php\/wp-json\/wp\/v2\/types\/page"}],"author":[{"embeddable":true,"href":"https:\/\/enerfe.nestorcarvallo.com\/index.php\/wp-json\/wp\/v2\/users\/2"}],"replies":[{"embeddable":true,"href":"https:\/\/enerfe.nestorcarvallo.com\/index.php\/wp-json\/wp\/v2\/comments?post=1245"}],"version-history":[{"count":4,"href":"https:\/\/enerfe.nestorcarvallo.com\/index.php\/wp-json\/wp\/v2\/pages\/1245\/revisions"}],"predecessor-version":[{"id":1251,"href":"https:\/\/enerfe.nestorcarvallo.com\/index.php\/wp-json\/wp\/v2\/pages\/1245\/revisions\/1251"}],"wp:attachment":[{"href":"https:\/\/enerfe.nestorcarvallo.com\/index.php\/wp-json\/wp\/v2\/media?parent=1245"}],"curies":[{"name":"wp","href":"https:\/\/api.w.org\/{rel}","templated":true}]}}