                                                                                                                                                                                                                                                                                                                                                                                                                                                                                                                                                                                                                                                                                                                                                                                                                                                                                  {"id":1263,"date":"2021-03-05T07:52:02","date_gmt":"2021-03-05T10:52:02","guid":{"rendered":"http:\/\/enerfe.nestorcarvallo.com\/?page_id=1263"},"modified":"2021-03-05T07:55:24","modified_gmt":"2021-03-05T10:55:24","slug":"gasoducto-sudoeste","status":"publish","type":"page","link":"https:\/\/enerfe.nestorcarvallo.com\/index.php\/gasoducto-sudoeste\/","title":{"rendered":"Gasoducto Sudoeste"},"content":{"rendered":"\t\t<div data-elementor-type=\"wp-page\" data-elementor-id=\"1263\" class=\"elementor elementor-1263\" data-elementor-settings=\"[]\">\n\t\t\t\t\t\t<div class=\"elementor-inner\">\n\t\t\t\t\t\t\t<div class=\"elementor-section-wrap\">\n\t\t\t\t\t\t\t<section class=\"elementor-section elementor-top-section elementor-element elementor-element-8dce1c3 elementor-section-boxed elementor-section-height-default elementor-section-height-default\" data-id=\"8dce1c3\" data-element_type=\"section\">\n\t\t\t\t\t\t<div class=\"elementor-container elementor-column-gap-default\">\n\t\t\t\t\t\t\t<div class=\"elementor-row\">\n\t\t\t\t\t<div class=\"elementor-column elementor-col-100 elementor-top-column elementor-element elementor-element-f7c67ce\" data-id=\"f7c67ce\" data-element_type=\"column\">\n\t\t\t<div class=\"elementor-column-wrap elementor-element-populated\">\n\t\t\t\t\t\t\t<div class=\"elementor-widget-wrap\">\n\t\t\t\t\t\t<section class=\"elementor-section elementor-inner-section elementor-element elementor-element-6be9682 elementor-section-boxed elementor-section-height-default elementor-section-height-default\" data-id=\"6be9682\" data-element_type=\"section\">\n\t\t\t\t\t\t<div class=\"elementor-container elementor-column-gap-default\">\n\t\t\t\t\t\t\t<div class=\"elementor-row\">\n\t\t\t\t\t<div class=\"elementor-column elementor-col-100 elementor-inner-column elementor-element elementor-element-1eae098\" data-id=\"1eae098\" data-element_type=\"column\">\n\t\t\t<div class=\"elementor-column-wrap elementor-element-populated\">\n\t\t\t\t\t\t\t<div class=\"elementor-widget-wrap\">\n\t\t\t\t\t\t<div class=\"elementor-element elementor-element-80e0cbf elementor-widget elementor-widget-image\" data-id=\"80e0cbf\" data-element_type=\"widget\" data-widget_type=\"image.default\">\n\t\t\t\t<div class=\"elementor-widget-container\">\n\t\t\t\t\t<div class=\"elementor-image\">\n\t\t\t\t\t\t\t\t\t\t<img width=\"2560\" height=\"2560\" src=\"https:\/\/enerfe.nestorcarvallo.com\/wp-content\/uploads\/2021\/03\/Ampliacio\u0301n-del-Gasoducto-Regional-Sur-06-scaled.jpg\" class=\"attachment-full size-full\" alt=\"\" loading=\"lazy\" srcset=\"https:\/\/enerfe.nestorcarvallo.com\/wp-content\/uploads\/2021\/03\/Ampliacio\u0301n-del-Gasoducto-Regional-Sur-06-scaled.jpg 2560w, https:\/\/enerfe.nestorcarvallo.com\/wp-content\/uploads\/2021\/03\/Ampliacio\u0301n-del-Gasoducto-Regional-Sur-06-300x300.jpg 300w, https:\/\/enerfe.nestorcarvallo.com\/wp-content\/uploads\/2021\/03\/Ampliacio\u0301n-del-Gasoducto-Regional-Sur-06-1024x1024.jpg 1024w, https:\/\/enerfe.nestorcarvallo.com\/wp-content\/uploads\/2021\/03\/Ampliacio\u0301n-del-Gasoducto-Regional-Sur-06-150x150.jpg 150w, https:\/\/enerfe.nestorcarvallo.com\/wp-content\/uploads\/2021\/03\/Ampliacio\u0301n-del-Gasoducto-Regional-Sur-06-768x768.jpg 768w, https:\/\/enerfe.nestorcarvallo.com\/wp-content\/uploads\/2021\/03\/Ampliacio\u0301n-del-Gasoducto-Regional-Sur-06-1536x1536.jpg 1536w, https:\/\/enerfe.nestorcarvallo.com\/wp-content\/uploads\/2021\/03\/Ampliacio\u0301n-del-Gasoducto-Regional-Sur-06-2048x2048.jpg 2048w, https:\/\/enerfe.nestorcarvallo.com\/wp-content\/uploads\/2021\/03\/Ampliacio\u0301n-del-Gasoducto-Regional-Sur-06-450x450.jpg 450w\" sizes=\"(max-width: 2560px) 100vw, 2560px\" \/>\t\t\t\t\t\t\t\t\t\t\t<\/div>\n\t\t\t\t<\/div>\n\t\t\t\t<\/div>\n\t\t\t\t\t\t<\/div>\n\t\t\t\t\t<\/div>\n\t\t<\/div>\n\t\t\t\t\t\t\t\t<\/div>\n\t\t\t\t\t<\/div>\n\t\t<\/section>\n\t\t\t\t\t\t<\/div>\n\t\t\t\t\t<\/div>\n\t\t<\/div>\n\t\t\t\t\t\t\t\t<\/div>\n\t\t\t\t\t<\/div>\n\t\t<\/section>\n\t\t\t\t<section class=\"elementor-section elementor-top-section elementor-element elementor-element-1a06bd9 elementor-section-boxed elementor-section-height-default elementor-section-height-default\" data-id=\"1a06bd9\" data-element_type=\"section\">\n\t\t\t\t\t\t<div class=\"elementor-container elementor-column-gap-default\">\n\t\t\t\t\t\t\t<div class=\"elementor-row\">\n\t\t\t\t\t<div class=\"elementor-column elementor-col-100 elementor-top-column elementor-element elementor-element-57425d9\" data-id=\"57425d9\" data-element_type=\"column\">\n\t\t\t<div class=\"elementor-column-wrap elementor-element-populated\">\n\t\t\t\t\t\t\t<div class=\"elementor-widget-wrap\">\n\t\t\t\t\t\t<div class=\"elementor-element elementor-element-0b4b438 elementor-widget elementor-widget-text-editor\" data-id=\"0b4b438\" data-element_type=\"widget\" data-widget_type=\"text-editor.default\">\n\t\t\t\t<div class=\"elementor-widget-container\">\n\t\t\t\t\t<div class=\"elementor-text-editor elementor-clearfix\"><p><strong>Gasoducto Sudoeste:<\/strong><\/p><p>El Gasoducto Sudoeste comenzar\u00e1 en el distrito de Arruf\u00f3, en el empalme con el Gasoducto de Noreste Argentino (GNEA) y desde all\u00ed se extender\u00e1 por 52 kil\u00f3metros atravesando las localidades de Villa Trinidad, Colonia Rosa, San Guillermo y Suardi. Su funcionamiento mejorar\u00e1 la calidad de vida y reducir\u00e1 costos de los hogares e instituciones, fomentar\u00e1 la creaci\u00f3n de puestos de trabajo, nuevos emprendimientos, inversiones y fortalecer\u00e1 el sistema productivo actual, lo que se traducir\u00e1 en un fomento del arraigo de esos municipios y comunas.<\/p><\/div>\n\t\t\t\t<\/div>\n\t\t\t\t<\/div>\n\t\t\t\t\t\t<\/div>\n\t\t\t\t\t<\/div>\n\t\t<\/div>\n\t\t\t\t\t\t\t\t<\/div>\n\t\t\t\t\t<\/div>\n\t\t<\/section>\n\t\t\t\t<section class=\"elementor-section elementor-top-section elementor-element elementor-element-a54eebc elementor-section-boxed elementor-section-height-default elementor-section-height-default\" data-id=\"a54eebc\" data-element_type=\"section\">\n\t\t\t\t\t\t<div class=\"elementor-container elementor-column-gap-default\">\n\t\t\t\t\t\t\t<div class=\"elementor-row\">\n\t\t\t\t\t<div class=\"elementor-column elementor-col-100 elementor-top-column elementor-element elementor-element-7c21277\" data-id=\"7c21277\" data-element_type=\"column\">\n\t\t\t<div class=\"elementor-column-wrap elementor-element-populated\">\n\t\t\t\t\t\t\t<div class=\"elementor-widget-wrap\">\n\t\t\t\t\t\t\t\t<\/div>\n\t\t\t\t\t<\/div>\n\t\t<\/div>\n\t\t\t\t\t\t\t\t<\/div>\n\t\t\t\t\t<\/div>\n\t\t<\/section>\n\t\t\t\t\t\t<\/div>\n\t\t\t\t\t\t<\/div>\n\t\t\t\t\t<\/div>\n\t\t","protected":false},"excerpt":{"rendered":"<p>Gasoducto Sudoeste: El Gasoducto Sudoeste comenzar\u00e1 en el distrito de Arruf\u00f3, en el empalme con el Gasoducto de Noreste Argentino (GNEA) y desde all\u00ed se extender\u00e1 por 52 kil\u00f3metros atravesando las localidades de Villa Trinidad, Colonia Rosa, San Guillermo y Suardi. Su funcionamiento mejorar\u00e1 la calidad de vida y reducir\u00e1&hellip;<\/p>\n","protected":false},"author":2,"featured_media":0,"parent":0,"menu_order":0,"comment_status":"closed","ping_status":"closed","template":"","meta":[],"_links":{"self":[{"href":"https:\/\/enerfe.nestorcarvallo.com\/index.php\/wp-json\/wp\/v2\/pages\/1263"}],"collection":[{"href":"https:\/\/enerfe.nestorcarvallo.com\/index.php\/wp-json\/wp\/v2\/pages"}],"about":[{"href":"https:\/\/enerfe.nestorcarvallo.com\/index.php\/wp-json\/wp\/v2\/types\/page"}],"author":[{"embeddable":true,"href":"https:\/\/enerfe.nestorcarvallo.com\/index.php\/wp-json\/wp\/v2\/users\/2"}],"replies":[{"embeddable":true,"href":"https:\/\/enerfe.nestorcarvallo.com\/index.php\/wp-json\/wp\/v2\/comments?post=1263"}],"version-history":[{"count":4,"href":"https:\/\/enerfe.nestorcarvallo.com\/index.php\/wp-json\/wp\/v2\/pages\/1263\/revisions"}],"predecessor-version":[{"id":1267,"href":"https:\/\/enerfe.nestorcarvallo.com\/index.php\/wp-json\/wp\/v2\/pages\/1263\/revisions\/1267"}],"wp:attachment":[{"href":"https:\/\/enerfe.nestorcarvallo.com\/index.php\/wp-json\/wp\/v2\/media?parent=1263"}],"curies":[{"name":"wp","href":"https:\/\/api.w.org\/{rel}","templated":true}]}}