                                                                                                                                                                                                                                                                                                                                                                                                                                                                                                                                                                                                                                                                                                                                                                                                                                                                                  {"id":956,"date":"2021-03-03T14:26:27","date_gmt":"2021-03-03T17:26:27","guid":{"rendered":"http:\/\/enerfe.nestorcarvallo.com\/?page_id=956"},"modified":"2021-03-03T15:24:40","modified_gmt":"2021-03-03T18:24:40","slug":"mision-vision","status":"publish","type":"page","link":"https:\/\/enerfe.nestorcarvallo.com\/index.php\/mision-vision\/","title":{"rendered":"Misi\u00f3n \/ Visi\u00f3n"},"content":{"rendered":"\t\t<div data-elementor-type=\"wp-page\" data-elementor-id=\"956\" class=\"elementor elementor-956\" data-elementor-settings=\"[]\">\n\t\t\t\t\t\t<div class=\"elementor-inner\">\n\t\t\t\t\t\t\t<div class=\"elementor-section-wrap\">\n\t\t\t\t\t\t\t<section class=\"elementor-section elementor-top-section elementor-element elementor-element-3c66e43d elementor-section-boxed elementor-section-height-default elementor-section-height-default\" data-id=\"3c66e43d\" data-element_type=\"section\">\n\t\t\t\t\t\t<div class=\"elementor-container elementor-column-gap-default\">\n\t\t\t\t\t\t\t<div class=\"elementor-row\">\n\t\t\t\t\t<div class=\"elementor-column elementor-col-100 elementor-top-column elementor-element elementor-element-28affd9a\" data-id=\"28affd9a\" data-element_type=\"column\">\n\t\t\t<div class=\"elementor-column-wrap elementor-element-populated\">\n\t\t\t\t\t\t\t<div class=\"elementor-widget-wrap\">\n\t\t\t\t\t\t<div class=\"elementor-element elementor-element-918b02c elementor-widget elementor-widget-heading\" data-id=\"918b02c\" data-element_type=\"widget\" data-widget_type=\"heading.default\">\n\t\t\t\t<div class=\"elementor-widget-container\">\n\t\t\t<h1 class=\"elementor-heading-title elementor-size-default\">Misi\u00f3n<\/h1>\t\t<\/div>\n\t\t\t\t<\/div>\n\t\t\t\t<div class=\"elementor-element elementor-element-3ff758cc elementor-widget elementor-widget-text-editor\" data-id=\"3ff758cc\" data-element_type=\"widget\" data-widget_type=\"text-editor.default\">\n\t\t\t\t<div class=\"elementor-widget-container\">\n\t\t\t\t\t<div class=\"elementor-text-editor elementor-clearfix\">Proyectarnos para hacer de la energ\u00eda una ventaja competitiva para la provincia y para todos los santafesinos en cada rinc\u00f3n de nuestro territorio, siendo una empresa eficiente, proactiva, innovadora, ambientalmente sustentable, con alta responsabilidad social y modelo en el desarrollo de proyectos energ\u00e9ticos.<\/div>\n\t\t\t\t<\/div>\n\t\t\t\t<\/div>\n\t\t\t\t\t\t<\/div>\n\t\t\t\t\t<\/div>\n\t\t<\/div>\n\t\t\t\t\t\t\t\t<\/div>\n\t\t\t\t\t<\/div>\n\t\t<\/section>\n\t\t\t\t<section class=\"elementor-section elementor-top-section elementor-element elementor-element-1a06bd9 elementor-section-boxed elementor-section-height-default elementor-section-height-default\" data-id=\"1a06bd9\" data-element_type=\"section\">\n\t\t\t\t\t\t<div class=\"elementor-container elementor-column-gap-default\">\n\t\t\t\t\t\t\t<div class=\"elementor-row\">\n\t\t\t\t\t<div class=\"elementor-column elementor-col-100 elementor-top-column elementor-element elementor-element-57425d9\" data-id=\"57425d9\" data-element_type=\"column\">\n\t\t\t<div class=\"elementor-column-wrap elementor-element-populated\">\n\t\t\t\t\t\t\t<div class=\"elementor-widget-wrap\">\n\t\t\t\t\t\t<div class=\"elementor-element elementor-element-9f7bd1a elementor-widget elementor-widget-heading\" data-id=\"9f7bd1a\" data-element_type=\"widget\" data-widget_type=\"heading.default\">\n\t\t\t\t<div class=\"elementor-widget-container\">\n\t\t\t<h1 class=\"elementor-heading-title elementor-size-default\">Visi\u00f3n<\/h1>\t\t<\/div>\n\t\t\t\t<\/div>\n\t\t\t\t<div class=\"elementor-element elementor-element-0b4b438 elementor-widget elementor-widget-text-editor\" data-id=\"0b4b438\" data-element_type=\"widget\" data-widget_type=\"text-editor.default\">\n\t\t\t\t<div class=\"elementor-widget-container\">\n\t\t\t\t\t<div class=\"elementor-text-editor elementor-clearfix\"><p>Debemos garantizar a los santafesinos el acceso a una energ\u00eda asequible, sustentable, fiable, sostenible y moderna siendo una empresa competitiva, eficiente y responsable.<\/p><p>Para lograrlo debemos articular esfuerzos tanto del sector p\u00fablico como del sector privado.<\/p><p><b>En el sector p\u00fablico debemos:<\/b><\/p><ul><li>Cooperar para que todas las actividades se desarrollen en entornos de elevada eficiencia energ\u00e9tica y con criterios s\u00f3lidos de sustentabilidad.<\/li><li>Trabajar coordinadamente con los ministerios y secretar\u00edas en la implementaci\u00f3n de pol\u00edticas basadas en un programa energ\u00e9tico de p\u00fablico conocimiento.<\/li><li>Modernizar la infraestructura del estado, sus edificios, espacio p\u00fablico, caminos y rutas, estableciendo metas y supervisando su cumplimiento.<\/li><li>Utilizar herramientas de an\u00e1lisis de datos para poder comparar nuestro desempe\u00f1o con respecto al de otros estados provinciales, pa\u00edses y regiones.<\/li><li>Promover una nueva legislaci\u00f3n en materia de Energ\u00edas Renovables, que actualice el marco jur\u00eddico vigente, establezca nuevos beneficios y fije metas claras para el sector.<\/li><li>Realizar las inversiones necesarias all\u00ed donde s\u00f3lo el Estado puede llegar, promoviendo el desarrollo humano y productivo de manera arm\u00f3nica en todo el territorio provincial.<\/li><\/ul><p><b>El sector privado puede:<\/b><\/p><ul><li>Beneficiarse de la innovaci\u00f3n y proactividad de nuestra empresa, compartiendo logros y actualizando el horizonte de oportunidades.<\/li><li>Beneficiarse con la implementaci\u00f3n de programas de eficiencia energ\u00e9tica, haciendo m\u00e1s competitivos sus productos y servicios, demostrando un claro compromiso con el medio ambiente que permita derribar las barreras de un mercado cada vez m\u00e1s exigente.<\/li><li>Bajar sus costos de producci\u00f3n y log\u00edsticos, aprovechando las formas de energ\u00eda que la provincia puede ofrecer y desarrollar.<\/li><li>Acceder a nuevas tecnolog\u00edas y desarrollos, recibiendo asesoramiento y devolvi\u00e9ndole al estado a trav\u00e9s nuestro m\u00e1s y mejores herramientas para el desarrollo productivo de Santa Fe.<\/li><li>Ayudar al estado a reducir el impacto ambiental de nuestra producci\u00f3n y a optimizar el aprovechamiento de los recursos naturales.<\/li><\/ul><\/div>\n\t\t\t\t<\/div>\n\t\t\t\t<\/div>\n\t\t\t\t\t\t<\/div>\n\t\t\t\t\t<\/div>\n\t\t<\/div>\n\t\t\t\t\t\t\t\t<\/div>\n\t\t\t\t\t<\/div>\n\t\t<\/section>\n\t\t\t\t\t\t<\/div>\n\t\t\t\t\t\t<\/div>\n\t\t\t\t\t<\/div>\n\t\t","protected":false},"excerpt":{"rendered":"<p>Misi\u00f3n Proyectarnos para hacer de la energ\u00eda una ventaja competitiva para la provincia y para todos los santafesinos en cada rinc\u00f3n de nuestro territorio, siendo una empresa eficiente, proactiva, innovadora, ambientalmente sustentable, con alta responsabilidad social y modelo en el desarrollo de proyectos energ\u00e9ticos. Visi\u00f3n Debemos garantizar a los santafesinos&hellip;<\/p>\n","protected":false},"author":1,"featured_media":0,"parent":0,"menu_order":0,"comment_status":"closed","ping_status":"closed","template":"elementor_header_footer","meta":[],"_links":{"self":[{"href":"https:\/\/enerfe.nestorcarvallo.com\/index.php\/wp-json\/wp\/v2\/pages\/956"}],"collection":[{"href":"https:\/\/enerfe.nestorcarvallo.com\/index.php\/wp-json\/wp\/v2\/pages"}],"about":[{"href":"https:\/\/enerfe.nestorcarvallo.com\/index.php\/wp-json\/wp\/v2\/types\/page"}],"author":[{"embeddable":true,"href":"https:\/\/enerfe.nestorcarvallo.com\/index.php\/wp-json\/wp\/v2\/users\/1"}],"replies":[{"embeddable":true,"href":"https:\/\/enerfe.nestorcarvallo.com\/index.php\/wp-json\/wp\/v2\/comments?post=956"}],"version-history":[{"count":15,"href":"https:\/\/enerfe.nestorcarvallo.com\/index.php\/wp-json\/wp\/v2\/pages\/956\/revisions"}],"predecessor-version":[{"id":1014,"href":"https:\/\/enerfe.nestorcarvallo.com\/index.php\/wp-json\/wp\/v2\/pages\/956\/revisions\/1014"}],"wp:attachment":[{"href":"https:\/\/enerfe.nestorcarvallo.com\/index.php\/wp-json\/wp\/v2\/media?parent=956"}],"curies":[{"name":"wp","href":"https:\/\/api.w.org\/{rel}","templated":true}]}}