                                                                                                                                                                                                                                                                                                                                                                                                                                                                                                                                                                                                                                                                                                                                                                                                                                                                                  {"id":974,"date":"2021-03-03T14:53:44","date_gmt":"2021-03-03T17:53:44","guid":{"rendered":"http:\/\/enerfe.nestorcarvallo.com\/?page_id=974"},"modified":"2021-04-30T09:52:55","modified_gmt":"2021-04-30T12:52:55","slug":"staff","status":"publish","type":"page","link":"https:\/\/enerfe.nestorcarvallo.com\/index.php\/staff\/","title":{"rendered":"Staff"},"content":{"rendered":"\t\t<div data-elementor-type=\"wp-page\" data-elementor-id=\"974\" class=\"elementor elementor-974\" data-elementor-settings=\"[]\">\n\t\t\t\t\t\t<div class=\"elementor-inner\">\n\t\t\t\t\t\t\t<div class=\"elementor-section-wrap\">\n\t\t\t\t\t\t\t<section class=\"elementor-section elementor-top-section elementor-element elementor-element-1a06bd9 elementor-section-boxed elementor-section-height-default elementor-section-height-default\" data-id=\"1a06bd9\" data-element_type=\"section\">\n\t\t\t\t\t\t<div class=\"elementor-container elementor-column-gap-default\">\n\t\t\t\t\t\t\t<div class=\"elementor-row\">\n\t\t\t\t\t<div class=\"elementor-column elementor-col-100 elementor-top-column elementor-element elementor-element-57425d9\" data-id=\"57425d9\" data-element_type=\"column\">\n\t\t\t<div class=\"elementor-column-wrap elementor-element-populated\">\n\t\t\t\t\t\t\t<div class=\"elementor-widget-wrap\">\n\t\t\t\t\t\t<div class=\"elementor-element elementor-element-07871a9 elementor-widget elementor-widget-text-editor\" data-id=\"07871a9\" data-element_type=\"widget\" data-widget_type=\"text-editor.default\">\n\t\t\t\t<div class=\"elementor-widget-container\">\n\t\t\t\t\t<div class=\"elementor-text-editor elementor-clearfix\"><h4 style=\"text-align: center;\">Juan<b> M. D\u00b4angelosante<br \/><\/b><span style=\"color: #808080;\">Presidente<\/span><\/h4><h4 style=\"text-align: center;\"><strong>\u00a0<\/strong><\/h4><h4 style=\"text-align: center;\"><strong>Ing. Juan C. Cesoni<\/strong><br \/><span style=\"color: #808080;\">Vicepresidente<\/span><\/h4><\/div>\n\t\t\t\t<\/div>\n\t\t\t\t<\/div>\n\t\t\t\t<div class=\"elementor-element elementor-element-19c5a46 elementor-widget elementor-widget-spacer\" data-id=\"19c5a46\" data-element_type=\"widget\" data-widget_type=\"spacer.default\">\n\t\t\t\t<div class=\"elementor-widget-container\">\n\t\t\t\t\t<div class=\"elementor-spacer\">\n\t\t\t<div class=\"elementor-spacer-inner\"><\/div>\n\t\t<\/div>\n\t\t\t\t<\/div>\n\t\t\t\t<\/div>\n\t\t\t\t<div class=\"elementor-element elementor-element-0b4b438 elementor-widget elementor-widget-text-editor\" data-id=\"0b4b438\" data-element_type=\"widget\" data-widget_type=\"text-editor.default\">\n\t\t\t\t<div class=\"elementor-widget-container\">\n\t\t\t\t\t<div class=\"elementor-text-editor elementor-clearfix\"><p><strong>Ing. Leandro Rodr\u00edguez<\/strong><br>Gerente T\u00e9cnico<\/p>\n<p><strong>Ing. Erich Schneider<\/strong><br>Coordinador \u00c1rea Energ\u00edas Renovables<\/p>\n<p><strong>Ing. Denise Carolina Navarro Huens<\/strong><br>Responsable Parque Solar FV SL &#8211; Energ\u00edas Renovables<\/p>\n<p><strong>Ing. Nerea J. Ulibarrie<\/strong><br>Coordinadora Gasoductos y Redes de Distribuci\u00f3n<\/p>\n<p><strong>Ing. Juan A. Carboni<\/strong><br>Gasoductos y Redes de Distribuci\u00f3n<\/p>\n<p><strong>Mar\u00eda Del Huerto Rocchetti<\/strong><br>Gasoductos y Redes de Distribuci\u00f3n<\/p>\n<p><strong>Lic. M. Elisa Brussa Ballaris<\/strong><br>Proyectos Especiales<\/p>\n<p><strong>Ing. Cristian Caffaratti<\/strong><br>C\u00f3mputo y Presupuesto<\/p>\n<p><strong>Julia Saloj<\/strong><br>Secretar\u00eda<\/p>\n<p><strong>Laura B. Boggino<\/strong><br>Estudios Ambientales<\/p>\n<p><strong>Florencia Borra Palud<\/strong><br>Asistente T\u00e9cnica<\/p>\n<p><strong>Dylan Jos\u00e9 P\u00e9rez Campos<\/strong><br>Asistente T\u00e9cnico<\/p>\n<p><strong>Javier Alejandro Vergara<\/strong><br>Asistente T\u00e9cnico<\/p>\n<p><strong>Lucila J. Brizuela<\/strong><br>Administraci\u00f3n &#8211; Mesa de Entradas<\/p>\n<p><strong>Iv\u00e1n F\u00e9lix<\/strong><br>Administraci\u00f3n &#8211; Financiera y Contable<\/p>\n<p><strong>Pablo R. Bergero<\/strong><br>Administraci\u00f3n &#8211; Compras<\/p>\n<p><strong>Agustina Musuruana<\/strong><br>Administraci\u00f3n &#8211; Financiera y Contable<\/p>\n<p><strong>Liliana Orellana<\/strong><br>Administraci\u00f3n &#8211; Jur\u00eddica<\/p>\n<p><strong>Abg. Josefina Perotti<\/strong><br>Administraci\u00f3n &#8211; Jur\u00eddica<\/p>\n<p><strong>Lic. Guido Battaglia<\/strong><br>Coordinador de Comunicaci\u00f3n<\/p>\n<p><strong>Marcelo Carballo<\/strong><br>Comunicaci\u00f3n<\/p><\/div>\n\t\t\t\t<\/div>\n\t\t\t\t<\/div>\n\t\t\t\t\t\t<\/div>\n\t\t\t\t\t<\/div>\n\t\t<\/div>\n\t\t\t\t\t\t\t\t<\/div>\n\t\t\t\t\t<\/div>\n\t\t<\/section>\n\t\t\t\t\t\t<\/div>\n\t\t\t\t\t\t<\/div>\n\t\t\t\t\t<\/div>\n\t\t","protected":false},"excerpt":{"rendered":"<p>Juan M. D\u00b4angelosantePresidente \u00a0 Ing. Juan C. CesoniVicepresidente Ing. Leandro Rodr\u00edguezGerente T\u00e9cnico Ing. Erich SchneiderCoordinador \u00c1rea Energ\u00edas Renovables Ing. Denise Carolina Navarro HuensResponsable Parque Solar FV SL &#8211; Energ\u00edas Renovables Ing. Nerea J. UlibarrieCoordinadora Gasoductos y Redes de Distribuci\u00f3n Ing. Juan A. CarboniGasoductos y Redes de Distribuci\u00f3n Mar\u00eda Del Huerto&hellip;<\/p>\n","protected":false},"author":1,"featured_media":0,"parent":0,"menu_order":0,"comment_status":"closed","ping_status":"closed","template":"elementor_header_footer","meta":[],"_links":{"self":[{"href":"https:\/\/enerfe.nestorcarvallo.com\/index.php\/wp-json\/wp\/v2\/pages\/974"}],"collection":[{"href":"https:\/\/enerfe.nestorcarvallo.com\/index.php\/wp-json\/wp\/v2\/pages"}],"about":[{"href":"https:\/\/enerfe.nestorcarvallo.com\/index.php\/wp-json\/wp\/v2\/types\/page"}],"author":[{"embeddable":true,"href":"https:\/\/enerfe.nestorcarvallo.com\/index.php\/wp-json\/wp\/v2\/users\/1"}],"replies":[{"embeddable":true,"href":"https:\/\/enerfe.nestorcarvallo.com\/index.php\/wp-json\/wp\/v2\/comments?post=974"}],"version-history":[{"count":58,"href":"https:\/\/enerfe.nestorcarvallo.com\/index.php\/wp-json\/wp\/v2\/pages\/974\/revisions"}],"predecessor-version":[{"id":2112,"href":"https:\/\/enerfe.nestorcarvallo.com\/index.php\/wp-json\/wp\/v2\/pages\/974\/revisions\/2112"}],"wp:attachment":[{"href":"https:\/\/enerfe.nestorcarvallo.com\/index.php\/wp-json\/wp\/v2\/media?parent=974"}],"curies":[{"name":"wp","href":"https:\/\/api.w.org\/{rel}","templated":true}]}}